{"id":933,"date":"2024-12-10T04:00:49","date_gmt":"2024-12-10T03:00:49","guid":{"rendered":"https:\/\/tuextranjeria.com\/?page_id=933"},"modified":"2024-12-10T04:08:38","modified_gmt":"2024-12-10T03:08:38","slug":"aviso-legal","status":"publish","type":"page","link":"https:\/\/tuextranjeria.com\/ru\/aviso-legal\/","title":{"rendered":"Aviso Legal"},"content":{"rendered":"<div data-elementor-type=\"wp-page\" data-elementor-id=\"933\" class=\"elementor elementor-933\" data-elementor-post-type=\"page\">\n\t\t\t\t<div class=\"elementor-element elementor-element-e379b9e e-flex e-con-boxed e-con e-parent\" data-id=\"e379b9e\" data-element_type=\"container\" data-e-type=\"container\">\n\t\t\t\t\t<div class=\"e-con-inner\">\n\t\t\t\t<div class=\"elementor-element elementor-element-58b3928 elementor-widget elementor-widget-heading\" data-id=\"58b3928\" data-element_type=\"widget\" data-e-type=\"widget\" data-widget_type=\"heading.default\">\n\t\t\t\t<div class=\"elementor-widget-container\">\n\t\t\t\t\t<h2 class=\"elementor-heading-title elementor-size-default\">Aviso Legal \u2013 TU EXTRANJER\u00cdA<\/h2>\t\t\t\t<\/div>\n\t\t\t\t<\/div>\n\t\t\t\t\t<\/div>\n\t\t\t\t<\/div>\n\t\t<div class=\"elementor-element elementor-element-66bb1cf e-flex e-con-boxed e-con e-parent\" data-id=\"66bb1cf\" data-element_type=\"container\" data-e-type=\"container\">\n\t\t\t\t\t<div class=\"e-con-inner\">\n\t\t\t\t<div class=\"elementor-element elementor-element-5d4df8a elementor-widget elementor-widget-text-editor\" data-id=\"5d4df8a\" data-element_type=\"widget\" data-e-type=\"widget\" data-widget_type=\"text-editor.default\">\n\t\t\t\t<div class=\"elementor-widget-container\">\n\t\t\t\t\t\t\t\t\t<h3><strong>1. INFORMACI\u00d3N GENERAL<\/strong><\/h3><p>En cumplimiento del art\u00edculo 10 de la Ley 34\/2002, de 11 de julio, de Servicios de la Sociedad de la Informaci\u00f3n y Comercio Electr\u00f3nico, a continuaci\u00f3n se exponen los datos identificativos del titular\/responsable de la actividad mercantil. El presente portal de internet se pone al servicio de los usuarios por el profesional aut\u00f3nomo cuyos datos identificativos son:<\/p><ul><li><strong>Responsable<\/strong>: Mariama Niang Sylla<\/li><li><strong>NIF<\/strong>: 72152494E<\/li><li><strong>CNAE<\/strong>: 6910. La actividad principal de la sociedad es asesoramiento jur\u00eddico profesional en materia de extranjer\u00eda.<\/li><li><strong>Actividad<\/strong>: Asesoramiento jur\u00eddico profesional en materia de extranjer\u00eda.<\/li><li><strong>C\u00f3digo \u00c9tico<\/strong>: C\u00f3digo Deontol\u00f3gico de la Abogac\u00eda Espa\u00f1ola.<\/li><li><strong>Domicilio Social<\/strong>: C\/ Bernardo Lav\u00edn N\u00ba19, 4C<\/li><li><strong>CP<\/strong>: 39610 El Astillero, Cantabria<\/li><li><strong>Email de contacto<\/strong>: <a rel=\"noopener\">info@tuextranjeria.com<\/a><\/li><li><strong>Tel\u00e9fono de contacto<\/strong>: 633466029<\/li><\/ul><p>Conforme al Art. 30 del RGPD 679\/2017, existe un Registro de Actividades de Tratamiento Interno a disposici\u00f3n de la Autoridad de Control.<\/p><hr \/><h3><strong>2. PROPIEDAD INTELECTUAL E INDUSTRIAL<\/strong><\/h3><p>El c\u00f3digo fuente, los dise\u00f1os gr\u00e1ficos, los logotipos, las im\u00e1genes, los videos publicados, las fotograf\u00edas, los sonidos, las animaciones, el software, los textos, as\u00ed como la informaci\u00f3n y los contenidos que se recogen en el presente sitio web est\u00e1n protegidos por la legislaci\u00f3n espa\u00f1ola sobre los derechos de propiedad intelectual e industrial, as\u00ed como inscritos en los registros p\u00fablicos correspondientes a favor de TU EXTRANJER\u00cdA.<\/p><p>No se permite la reproducci\u00f3n y\/o publicaci\u00f3n, total o parcial, del sitio web, ni su tratamiento inform\u00e1tico, su distribuci\u00f3n, su difusi\u00f3n, ni su modificaci\u00f3n, transformaci\u00f3n o descompilaci\u00f3n, ni dem\u00e1s derechos reconocidos legalmente a su titular, sin el permiso previo y por escrito de TU EXTRANJER\u00cdA.<\/p><p>El usuario puede utilizar el material que aparezca en este sitio web \u00fanicamente para uso personal y privado, quedando prohibido su uso con fines comerciales o para actividades il\u00edcitas.<\/p><p>TU EXTRANJER\u00cdA velar\u00e1 por el cumplimiento de estas condiciones y por el uso adecuado de los contenidos presentados en su p\u00e1gina web, ejerciendo acciones civiles y penales en caso de infracci\u00f3n.<\/p><hr \/><h3><strong>3. CONDICIONES DE USO<\/strong><\/h3><p>El acceso al sitio web implica la aceptaci\u00f3n de las siguientes condiciones de uso:<\/p><ul><li>El usuario se compromete a hacer un uso adecuado de los contenidos y servicios.<\/li><li>Est\u00e1 prohibido utilizar el sitio web para realizar actividades il\u00edcitas o contrarias a la buena fe.<\/li><li>TU EXTRANJER\u00cdA se reserva el derecho de eliminar cualquier comentario o contenido que vulnere el respeto a la dignidad de la persona o que resulte inadecuado.<\/li><\/ul><hr \/><h3><strong>4. LIMITACI\u00d3N DE LA RESPONSABILIDAD<\/strong><\/h3><p>La informaci\u00f3n contenida en este sitio web debe considerarse como divulgativa y orientadora. Por tanto, TU EXTRANJER\u00cdA:<\/p><ol><li>No garantiza la exactitud de la informaci\u00f3n contenida en el sitio web, ni asume responsabilidad por posibles perjuicios derivados de inexactitudes.<\/li><li>No se responsabiliza de los eventuales da\u00f1os causados por el funcionamiento normal o anormal de las herramientas del sitio.<\/li><li>No asume responsabilidad sobre los contenidos de p\u00e1ginas externas enlazadas desde el sitio web.<\/li><li>No es responsable del acceso de menores de edad a los contenidos del sitio, siendo responsabilidad de los padres o tutores.<\/li><li>No se hace responsable de las comunicaciones o di\u00e1logos en foros, chats, redes sociales u otros espacios de interacci\u00f3n organizados en torno al sitio web.<\/li><\/ol><hr \/><h3><strong>5. ENLACES EXTERNOS<\/strong><\/h3><p>Este sitio puede contener enlaces a otros sitios gestionados por terceros. TU EXTRANJER\u00cdA no se hace responsable del contenido de los mismos, siendo el usuario quien accede bajo su propia responsabilidad.<\/p><hr \/><h3><strong>6. LEGISLACI\u00d3N Y JURISDICCI\u00d3N<\/strong><\/h3><p>Las presentes condiciones de uso del sitio web se rigen en todos sus extremos por la ley espa\u00f1ola. El idioma de redacci\u00f3n e interpretaci\u00f3n de este aviso legal es el espa\u00f1ol.<\/p><p>Para la resoluci\u00f3n de cualquier conflicto relacionado con este sitio web, las partes se someten expresamente a la legislaci\u00f3n espa\u00f1ola y a los Juzgados y Tribunales de Santander.<\/p>\t\t\t\t\t\t\t\t<\/div>\n\t\t\t\t<\/div>\n\t\t\t\t\t<\/div>\n\t\t\t\t<\/div>\n\t\t<div class=\"elementor-element elementor-element-c528abc e-flex e-con-boxed e-con e-parent\" data-id=\"c528abc\" data-element_type=\"container\" data-e-type=\"container\">\n\t\t\t\t\t<div class=\"e-con-inner\">\n\t\t\t\t<div class=\"elementor-element elementor-element-8ce8d00 elementor-widget elementor-widget-heading\" data-id=\"8ce8d00\" data-element_type=\"widget\" data-e-type=\"widget\" data-widget_type=\"heading.default\">\n\t\t\t\t<div class=\"elementor-widget-container\">\n\t\t\t\t\t<h2 class=\"elementor-heading-title elementor-size-default\">Pol\u00edtica de Compra - Tu Extranjer\u00eda<\/h2>\t\t\t\t<\/div>\n\t\t\t\t<\/div>\n\t\t\t\t\t<\/div>\n\t\t\t\t<\/div>\n\t\t<div class=\"elementor-element elementor-element-494f191 e-flex e-con-boxed e-con e-parent\" data-id=\"494f191\" data-element_type=\"container\" data-e-type=\"container\">\n\t\t\t\t\t<div class=\"e-con-inner\">\n\t\t\t\t<div class=\"elementor-element elementor-element-7e89068 elementor-widget elementor-widget-text-editor\" data-id=\"7e89068\" data-element_type=\"widget\" data-e-type=\"widget\" data-widget_type=\"text-editor.default\">\n\t\t\t\t<div class=\"elementor-widget-container\">\n\t\t\t\t\t\t\t\t\t<h3>\u00a0<\/h3><h3><strong>1. Objeto de la Pol\u00edtica de Compra<\/strong><\/h3><p>Esta pol\u00edtica regula las condiciones de compra de los servicios ofrecidos a trav\u00e9s del sitio web <strong><a href=\"https:\/\/tuextranjeria.com\/ru\/\" target=\"_new\" rel=\"noopener\">www.tuextranjeria.com<\/a><\/strong> (en adelante, el \u00abSitio Web\u00bb), propiedad de <strong>Tu Extranjer\u00eda<\/strong>.<\/p><hr \/><h3><strong>2. Proceso de Contrataci\u00f3n de Servicios<\/strong><\/h3><p>Para contratar un servicio, el usuario deber\u00e1:<\/p><ul><li>Seleccionar el servicio deseado y reservar una cita a trav\u00e9s del formulario de contacto o del sistema de reservas en l\u00ednea.<\/li><li>Proporcionar los datos de contacto requeridos y aceptar los t\u00e9rminos de esta pol\u00edtica y la pol\u00edtica de privacidad.<\/li><li>Realizar el pago de la consulta o servicio contratado, seg\u00fan los m\u00e9todos de pago disponibles en el sitio web.<\/li><\/ul><hr \/><h3><strong>3. Precios y Pagos<\/strong><\/h3><ul><li>Todos los precios indicados en el sitio web incluyen impuestos aplicables, salvo que se indique lo contrario.<\/li><li>El pago debe realizarse en su totalidad al momento de la contrataci\u00f3n, y el precio de la consulta inicial puede descontarse del coste total del tr\u00e1mite.<\/li><li>Los pagos se realizan a trav\u00e9s de m\u00e9todos seguros y se garantiza la confidencialidad de la informaci\u00f3n proporcionada.<\/li><\/ul><hr \/><h3><strong>4. Cambios y Cancelaciones<\/strong><\/h3><ul><li>El cliente podr\u00e1 cancelar o reprogramar una cita con una antelaci\u00f3n m\u00ednima de <strong>48 horas<\/strong>.<\/li><li>En caso de cancelaci\u00f3n fuera de plazo o de no presentarse a la cita, el importe pagado <strong>no ser\u00e1 reembolsable<\/strong>. Para cambios o cancelaciones, el usuario debe contactar a trav\u00e9s de <strong><a rel=\"noopener\">info@tuextranjeria.com<\/a><\/strong>.<\/li><\/ul><hr \/><h3><strong>5. Reembolsos<\/strong><\/h3><ul><li>Los servicios contratados no son reembolsables, salvo en los casos en que <strong>Tu Extranjer\u00eda<\/strong> cancele el servicio de forma unilateral.<\/li><li>En caso de cancelaci\u00f3n por parte de <strong>Tu Extranjer\u00eda<\/strong>, se proceder\u00e1 a la devoluci\u00f3n del importe pagado.<\/li><\/ul><hr \/><h3><strong>6. Pol\u00edtica de Responsabilidad<\/strong><\/h3><ul><li><strong>Tu Extranjer\u00eda<\/strong> no se hace responsable de la imposibilidad de realizar los tr\u00e1mites cuando esto se deba a falta de documentaci\u00f3n, errores en los datos proporcionados por el usuario o cambios en la normativa de extranjer\u00eda que afecten los requisitos.<\/li><\/ul><hr \/><h3><strong>7. Modificaciones de la Pol\u00edtica de Compra<\/strong><\/h3><p><strong>Tu Extranjer\u00eda<\/strong> se reserva el derecho de modificar esta pol\u00edtica en cualquier momento, con el fin de adaptarla a cambios legislativos o actualizaciones en los servicios ofrecidos.<\/p>\t\t\t\t\t\t\t\t<\/div>\n\t\t\t\t<\/div>\n\t\t\t\t\t<\/div>\n\t\t\t\t<\/div>\n\t\t\t\t<\/div>","protected":false},"excerpt":{"rendered":"<p>Aviso Legal \u2013 TU EXTRANJER\u00cdA 1. INFORMACI\u00d3N GENERAL En cumplimiento del art\u00edculo 10 de la Ley 34\/2002, de 11 de julio, de Servicios de la Sociedad de la Informaci\u00f3n y Comercio Electr\u00f3nico, a continuaci\u00f3n se exponen los datos identificativos del titular\/responsable de la actividad mercantil. El presente portal de internet se pone al servicio de [&hellip;]<\/p>\n","protected":false},"author":1,"featured_media":0,"parent":0,"menu_order":0,"comment_status":"closed","ping_status":"closed","template":"","meta":{"footnotes":""},"class_list":["post-933","page","type-page","status-publish","hentry"],"yoast_head":"<!-- This site is optimized with the Yoast SEO Premium plugin v27.0 (Yoast SEO v27.5) - https:\/\/yoast.com\/product\/yoast-seo-premium-wordpress\/ -->\n<title>Aviso Legal - Tu Extranjer\u00eda<\/title>\n<meta name=\"robots\" content=\"index, follow, max-snippet:-1, max-image-preview:large, max-video-preview:-1\" \/>\n<link rel=\"canonical\" href=\"https:\/\/tuextranjeria.com\/ru\/aviso-legal\/\" \/>\n<meta property=\"og:locale\" content=\"ru_RU\" \/>\n<meta property=\"og:type\" content=\"article\" \/>\n<meta property=\"og:title\" content=\"Aviso Legal\" \/>\n<meta property=\"og:description\" content=\"Aviso Legal \u2013 TU EXTRANJER\u00cdA 1. INFORMACI\u00d3N GENERAL En cumplimiento del art\u00edculo 10 de la Ley 34\/2002, de 11 de julio, de Servicios de la Sociedad de la Informaci\u00f3n y Comercio Electr\u00f3nico, a continuaci\u00f3n se exponen los datos identificativos del titular\/responsable de la actividad mercantil. El presente portal de internet se pone al servicio de [&hellip;]\" \/>\n<meta property=\"og:url\" content=\"https:\/\/tuextranjeria.com\/ru\/aviso-legal\/\" \/>\n<meta property=\"og:site_name\" content=\"Tu Extranjer\u00eda\" \/>\n<meta property=\"article:modified_time\" content=\"2024-12-10T03:08:38+00:00\" \/>\n<meta name=\"twitter:card\" content=\"summary_large_image\" \/>\n<meta name=\"twitter:label1\" content=\"\u041f\u0440\u0438\u043c\u0435\u0440\u043d\u043e\u0435 \u0432\u0440\u0435\u043c\u044f \u0434\u043b\u044f \u0447\u0442\u0435\u043d\u0438\u044f\" \/>\n\t<meta name=\"twitter:data1\" content=\"5 \u043c\u0438\u043d\u0443\u0442\" \/>\n<script type=\"application\/ld+json\" class=\"yoast-schema-graph\">{\"@context\":\"https:\\\/\\\/schema.org\",\"@graph\":[{\"@type\":\"WebPage\",\"@id\":\"https:\\\/\\\/tuextranjeria.com\\\/es_es\\\/aviso-legal\\\/\",\"url\":\"https:\\\/\\\/tuextranjeria.com\\\/es_es\\\/aviso-legal\\\/\",\"name\":\"Aviso Legal - Tu Extranjer\u00eda\",\"isPartOf\":{\"@id\":\"https:\\\/\\\/tuextranjeria.com\\\/es_es\\\/#website\"},\"datePublished\":\"2024-12-10T03:00:49+00:00\",\"dateModified\":\"2024-12-10T03:08:38+00:00\",\"breadcrumb\":{\"@id\":\"https:\\\/\\\/tuextranjeria.com\\\/es_es\\\/aviso-legal\\\/#breadcrumb\"},\"inLanguage\":\"ru-RU\",\"potentialAction\":[{\"@type\":\"ReadAction\",\"target\":[\"https:\\\/\\\/tuextranjeria.com\\\/es_es\\\/aviso-legal\\\/\"]}]},{\"@type\":\"BreadcrumbList\",\"@id\":\"https:\\\/\\\/tuextranjeria.com\\\/es_es\\\/aviso-legal\\\/#breadcrumb\",\"itemListElement\":[{\"@type\":\"ListItem\",\"position\":1,\"name\":\"Portada\",\"item\":\"https:\\\/\\\/tuextranjeria.com\\\/\"},{\"@type\":\"ListItem\",\"position\":2,\"name\":\"Aviso Legal\"}]},{\"@type\":\"WebSite\",\"@id\":\"https:\\\/\\\/tuextranjeria.com\\\/es_es\\\/#website\",\"url\":\"https:\\\/\\\/tuextranjeria.com\\\/es_es\\\/\",\"name\":\"Tu Extranjer\u00eda\",\"description\":\"Conectando Fronteras &amp; Cumpliendo Sue\u00f1os\",\"publisher\":{\"@id\":\"https:\\\/\\\/tuextranjeria.com\\\/es_es\\\/#organization\"},\"potentialAction\":[{\"@type\":\"SearchAction\",\"target\":{\"@type\":\"EntryPoint\",\"urlTemplate\":\"https:\\\/\\\/tuextranjeria.com\\\/es_es\\\/?s={search_term_string}\"},\"query-input\":{\"@type\":\"PropertyValueSpecification\",\"valueRequired\":true,\"valueName\":\"search_term_string\"}}],\"inLanguage\":\"ru-RU\"},{\"@type\":\"Organization\",\"@id\":\"https:\\\/\\\/tuextranjeria.com\\\/es_es\\\/#organization\",\"name\":\"Tu Extranjer\u00eda\",\"url\":\"https:\\\/\\\/tuextranjeria.com\\\/es_es\\\/\",\"logo\":{\"@type\":\"ImageObject\",\"inLanguage\":\"ru-RU\",\"@id\":\"https:\\\/\\\/tuextranjeria.com\\\/es_es\\\/#\\\/schema\\\/logo\\\/image\\\/\",\"url\":\"https:\\\/\\\/tuextranjeria.com\\\/wp-content\\\/uploads\\\/2024\\\/08\\\/NEGRO_V1.webp\",\"contentUrl\":\"https:\\\/\\\/tuextranjeria.com\\\/wp-content\\\/uploads\\\/2024\\\/08\\\/NEGRO_V1.webp\",\"width\":921,\"height\":180,\"caption\":\"Tu Extranjer\u00eda\"},\"image\":{\"@id\":\"https:\\\/\\\/tuextranjeria.com\\\/es_es\\\/#\\\/schema\\\/logo\\\/image\\\/\"}}]}<\/script>\n<!-- \/ Yoast SEO Premium plugin. -->","yoast_head_json":{"title":"Aviso Legal - Tu Extranjer\u00eda","robots":{"index":"index","follow":"follow","max-snippet":"max-snippet:-1","max-image-preview":"max-image-preview:large","max-video-preview":"max-video-preview:-1"},"canonical":"https:\/\/tuextranjeria.com\/ru\/aviso-legal\/","og_locale":"ru_RU","og_type":"article","og_title":"Aviso Legal","og_description":"Aviso Legal \u2013 TU EXTRANJER\u00cdA 1. INFORMACI\u00d3N GENERAL En cumplimiento del art\u00edculo 10 de la Ley 34\/2002, de 11 de julio, de Servicios de la Sociedad de la Informaci\u00f3n y Comercio Electr\u00f3nico, a continuaci\u00f3n se exponen los datos identificativos del titular\/responsable de la actividad mercantil. El presente portal de internet se pone al servicio de [&hellip;]","og_url":"https:\/\/tuextranjeria.com\/ru\/aviso-legal\/","og_site_name":"Tu Extranjer\u00eda","article_modified_time":"2024-12-10T03:08:38+00:00","twitter_card":"summary_large_image","twitter_misc":{"\u041f\u0440\u0438\u043c\u0435\u0440\u043d\u043e\u0435 \u0432\u0440\u0435\u043c\u044f \u0434\u043b\u044f \u0447\u0442\u0435\u043d\u0438\u044f":"5 \u043c\u0438\u043d\u0443\u0442"},"schema":{"@context":"https:\/\/schema.org","@graph":[{"@type":"WebPage","@id":"https:\/\/tuextranjeria.com\/es_es\/aviso-legal\/","url":"https:\/\/tuextranjeria.com\/es_es\/aviso-legal\/","name":"Aviso Legal - Tu Extranjer\u00eda","isPartOf":{"@id":"https:\/\/tuextranjeria.com\/es_es\/#website"},"datePublished":"2024-12-10T03:00:49+00:00","dateModified":"2024-12-10T03:08:38+00:00","breadcrumb":{"@id":"https:\/\/tuextranjeria.com\/es_es\/aviso-legal\/#breadcrumb"},"inLanguage":"ru-RU","potentialAction":[{"@type":"ReadAction","target":["https:\/\/tuextranjeria.com\/es_es\/aviso-legal\/"]}]},{"@type":"BreadcrumbList","@id":"https:\/\/tuextranjeria.com\/es_es\/aviso-legal\/#breadcrumb","itemListElement":[{"@type":"ListItem","position":1,"name":"Portada","item":"https:\/\/tuextranjeria.com\/"},{"@type":"ListItem","position":2,"name":"Aviso Legal"}]},{"@type":"WebSite","@id":"https:\/\/tuextranjeria.com\/es_es\/#website","url":"https:\/\/tuextranjeria.com\/es_es\/","name":"Tu Extranjer\u00eda","description":"Conectando Fronteras &amp; Cumpliendo Sue\u00f1os","publisher":{"@id":"https:\/\/tuextranjeria.com\/es_es\/#organization"},"potentialAction":[{"@type":"SearchAction","target":{"@type":"EntryPoint","urlTemplate":"https:\/\/tuextranjeria.com\/es_es\/?s={search_term_string}"},"query-input":{"@type":"PropertyValueSpecification","valueRequired":true,"valueName":"search_term_string"}}],"inLanguage":"ru-RU"},{"@type":"Organization","@id":"https:\/\/tuextranjeria.com\/es_es\/#organization","name":"Tu Extranjer\u00eda","url":"https:\/\/tuextranjeria.com\/es_es\/","logo":{"@type":"ImageObject","inLanguage":"ru-RU","@id":"https:\/\/tuextranjeria.com\/es_es\/#\/schema\/logo\/image\/","url":"https:\/\/tuextranjeria.com\/wp-content\/uploads\/2024\/08\/NEGRO_V1.webp","contentUrl":"https:\/\/tuextranjeria.com\/wp-content\/uploads\/2024\/08\/NEGRO_V1.webp","width":921,"height":180,"caption":"Tu Extranjer\u00eda"},"image":{"@id":"https:\/\/tuextranjeria.com\/es_es\/#\/schema\/logo\/image\/"}}]}},"_links":{"self":[{"href":"https:\/\/tuextranjeria.com\/ru\/wp-json\/wp\/v2\/pages\/933","targetHints":{"allow":["GET"]}}],"collection":[{"href":"https:\/\/tuextranjeria.com\/ru\/wp-json\/wp\/v2\/pages"}],"about":[{"href":"https:\/\/tuextranjeria.com\/ru\/wp-json\/wp\/v2\/types\/page"}],"author":[{"embeddable":true,"href":"https:\/\/tuextranjeria.com\/ru\/wp-json\/wp\/v2\/users\/1"}],"replies":[{"embeddable":true,"href":"https:\/\/tuextranjeria.com\/ru\/wp-json\/wp\/v2\/comments?post=933"}],"version-history":[{"count":5,"href":"https:\/\/tuextranjeria.com\/ru\/wp-json\/wp\/v2\/pages\/933\/revisions"}],"predecessor-version":[{"id":940,"href":"https:\/\/tuextranjeria.com\/ru\/wp-json\/wp\/v2\/pages\/933\/revisions\/940"}],"wp:attachment":[{"href":"https:\/\/tuextranjeria.com\/ru\/wp-json\/wp\/v2\/media?parent=933"}],"curies":[{"name":"wp","href":"https:\/\/api.w.org\/{rel}","templated":true}]}}