{"id":993,"date":"2025-01-30T02:58:43","date_gmt":"2025-01-30T01:58:43","guid":{"rendered":"https:\/\/tuextranjeria.com\/?page_id=993"},"modified":"2025-02-23T11:49:22","modified_gmt":"2025-02-23T10:49:22","slug":"blog","status":"publish","type":"page","link":"https:\/\/tuextranjeria.com\/fr\/blog\/","title":{"rendered":"Blog"},"content":{"rendered":"<div data-elementor-type=\"wp-page\" data-elementor-id=\"993\" class=\"elementor elementor-993\" data-elementor-post-type=\"page\">\n\t\t\t\t\t\t<section class=\"elementor-section elementor-top-section elementor-element elementor-element-28db06f1 elementor-section-boxed elementor-section-height-default elementor-section-height-default\" data-id=\"28db06f1\" data-element_type=\"section\" data-e-type=\"section\" data-settings=\"{&quot;background_background&quot;:&quot;gradient&quot;}\">\n\t\t\t\t\t\t\t<div class=\"elementor-background-overlay\"><\/div>\n\t\t\t\t\t\t\t<div class=\"elementor-container elementor-column-gap-default\">\n\t\t\t\t\t<div class=\"elementor-column elementor-col-100 elementor-top-column elementor-element elementor-element-7a74a592\" data-id=\"7a74a592\" data-element_type=\"column\" data-e-type=\"column\">\n\t\t\t<div class=\"elementor-widget-wrap elementor-element-populated\">\n\t\t\t\t\t\t<section class=\"elementor-section elementor-inner-section elementor-element elementor-element-44f70c72 elementor-section-boxed elementor-section-height-default elementor-section-height-default\" data-id=\"44f70c72\" data-element_type=\"section\" data-e-type=\"section\">\n\t\t\t\t\t\t<div class=\"elementor-container elementor-column-gap-default\">\n\t\t\t\t\t<div class=\"elementor-column elementor-col-100 elementor-inner-column elementor-element elementor-element-404b8951\" data-id=\"404b8951\" data-element_type=\"column\" data-e-type=\"column\">\n\t\t\t<div class=\"elementor-widget-wrap elementor-element-populated\">\n\t\t\t\t\t\t<div class=\"elementor-element elementor-element-6875d689 elementor-invisible elementor-widget elementor-widget-heading\" data-id=\"6875d689\" data-element_type=\"widget\" data-e-type=\"widget\" data-settings=\"{&quot;_animation&quot;:&quot;fadeInUp&quot;}\" data-widget_type=\"heading.default\">\n\t\t\t\t<div class=\"elementor-widget-container\">\n\t\t\t\t\t<h1 class=\"elementor-heading-title elementor-size-default\">Noticias &amp; Art\u00edculos<\/h1>\t\t\t\t<\/div>\n\t\t\t\t<\/div>\n\t\t\t\t\t<\/div>\n\t\t<\/div>\n\t\t\t\t\t<\/div>\n\t\t<\/section>\n\t\t\t\t\t<\/div>\n\t\t<\/div>\n\t\t\t\t\t<\/div>\n\t\t<\/section>\n\t\t\t\t<section class=\"elementor-section elementor-top-section elementor-element elementor-element-6e395f91 elementor-section-boxed elementor-section-height-default elementor-section-height-default\" data-id=\"6e395f91\" data-element_type=\"section\" data-e-type=\"section\">\n\t\t\t\t\t\t<div class=\"elementor-container elementor-column-gap-default\">\n\t\t\t\t\t<div class=\"elementor-column elementor-col-100 elementor-top-column elementor-element elementor-element-6d675ccf\" data-id=\"6d675ccf\" data-element_type=\"column\" data-e-type=\"column\">\n\t\t\t<div class=\"elementor-widget-wrap elementor-element-populated\">\n\t\t\t\t\t\t<div class=\"elementor-element elementor-element-c5a3ae7 elementor-widget elementor-widget-rkit-post-grid-post\" data-id=\"c5a3ae7\" data-element_type=\"widget\" data-e-type=\"widget\" data-widget_type=\"rkit-post-grid-post.default\">\n\t\t\t\t<div class=\"elementor-widget-container\">\n\t\t\t\t\t        <div class=\"rkit-post-grid\">\n                            <div class=\"rkit-post-grid-card  elementor-animation-\">\n                                            <div class=\"rkit-image-container\">\n                                                        <a class=\"rkit-image-link\" style=\"overflow: hidden;\" href=\"https:\/\/tuextranjeria.com\/fr\/nota-aclaratoria-sobre-disposicion-transitoria-quinta\/\">\n                                <img fetchpriority=\"high\" decoding=\"async\" width=\"800\" height=\"450\" src=\"https:\/\/tuextranjeria.com\/wp-content\/uploads\/2025\/02\/NOTA-ACLARATORIA-SOBRE-DISPOSICION-TRANSITORIA-QUINTA_Tu-Extranjeria-1024x576.png\" class=\"rkit-post-grid-img wp-post-image\" alt=\"NOTA ACLARATORIA SOBRE DISPOSICI\u00d3N TRANSITORIA QUINTA\" srcset=\"https:\/\/tuextranjeria.com\/wp-content\/uploads\/2025\/02\/NOTA-ACLARATORIA-SOBRE-DISPOSICION-TRANSITORIA-QUINTA_Tu-Extranjeria-1024x576.png 1024w, https:\/\/tuextranjeria.com\/wp-content\/uploads\/2025\/02\/NOTA-ACLARATORIA-SOBRE-DISPOSICION-TRANSITORIA-QUINTA_Tu-Extranjeria-300x169.png 300w, https:\/\/tuextranjeria.com\/wp-content\/uploads\/2025\/02\/NOTA-ACLARATORIA-SOBRE-DISPOSICION-TRANSITORIA-QUINTA_Tu-Extranjeria-768x432.png 768w, https:\/\/tuextranjeria.com\/wp-content\/uploads\/2025\/02\/NOTA-ACLARATORIA-SOBRE-DISPOSICION-TRANSITORIA-QUINTA_Tu-Extranjeria-18x10.png 18w, https:\/\/tuextranjeria.com\/wp-content\/uploads\/2025\/02\/NOTA-ACLARATORIA-SOBRE-DISPOSICION-TRANSITORIA-QUINTA_Tu-Extranjeria.png 1366w\" sizes=\"(max-width: 800px) 100vw, 800px\" \/>                            <\/a>\n                                                            <div class=\"rkit-float-metawrapper-date\">\n                                    <span><strong>23<\/strong>F\u00e9v<\/span>\n                                <\/div>\n                                                    <\/div>\n                                        <div class=\"rkit-post-grid-body\">\n                                                    <div class=\"rkit-metadata\">\n                                                                                <div class=\"rkit-metadata-item\">\n                                                    <i aria-hidden=\"true\" class=\"rkit-meta-icon rtmicon rtmicon-circle-user\"><\/i>                                                    <a href=\"https:\/\/tuextranjeria.com\/fr\/author\/extraadmin\/\" title=\"Articles par Tu Extranjeria\" rel=\"author\">Tu Extranjeria<\/a>                                                <\/div>\n                                                                                            <div class=\"rkit-metadata-item\">\n                                                    <i aria-hidden=\"true\" class=\"rkit-meta-icon rtmicon rtmicon-calendar\"><\/i>                                                    <span>f\u00e9vrier 23, 2025<\/span>\n                                                <\/div>\n                                                                        <\/div>\n                                                                            <div class=\"rkit-post-grid-title-container\">\n                                <a class=\"rkit-post-grid-title\" href=\"https:\/\/tuextranjeria.com\/fr\/nota-aclaratoria-sobre-disposicion-transitoria-quinta\/\">NOTA ACLARATORIA SOBRE DISPOSICI\u00d3N TRANSITORIA QUINTA<\/a>\n                            <\/div>\n                                                                                                    <div class=\"rkit-post-grid-content\">\n                                <p class=\"rkit-post-grid-paragraph\">NOTA ACLARATORIA SOBRE DISPOSICI\u00d3N TRANSITORIA QUINTA El pasado 30 de enero de 2025 el Ministerio\u2026                                <\/p>\n                            <\/div>\n                                                                                                    <div class=\"rkit-readmore-div\">\n                                <a class=\"rkit-readmore-btn\" type=\"button\" href=\"https:\/\/tuextranjeria.com\/fr\/nota-aclaratoria-sobre-disposicion-transitoria-quinta\/\">\n                                                                        Leer M\u00e1s                                                                    <\/a>\n                            <\/div>\n                                            <\/div>\n                <\/div>\n                <div class=\"rkit-post-grid-card  elementor-animation-\">\n                                            <div class=\"rkit-image-container\">\n                                                        <a class=\"rkit-image-link\" style=\"overflow: hidden;\" href=\"https:\/\/tuextranjeria.com\/fr\/real-decreto-1155-2024-de-noviembre\/\">\n                                <img decoding=\"async\" width=\"800\" height=\"450\" src=\"https:\/\/tuextranjeria.com\/wp-content\/uploads\/2025\/01\/REAL-DECRETO-11552024-de-noviembre.-Tu-Extranjeria-1024x576.png\" class=\"rkit-post-grid-img wp-post-image\" alt=\"Tu Extranjer\u00eda\" srcset=\"https:\/\/tuextranjeria.com\/wp-content\/uploads\/2025\/01\/REAL-DECRETO-11552024-de-noviembre.-Tu-Extranjeria-1024x576.png 1024w, https:\/\/tuextranjeria.com\/wp-content\/uploads\/2025\/01\/REAL-DECRETO-11552024-de-noviembre.-Tu-Extranjeria-300x169.png 300w, https:\/\/tuextranjeria.com\/wp-content\/uploads\/2025\/01\/REAL-DECRETO-11552024-de-noviembre.-Tu-Extranjeria-768x432.png 768w, https:\/\/tuextranjeria.com\/wp-content\/uploads\/2025\/01\/REAL-DECRETO-11552024-de-noviembre.-Tu-Extranjeria-18x10.png 18w, https:\/\/tuextranjeria.com\/wp-content\/uploads\/2025\/01\/REAL-DECRETO-11552024-de-noviembre.-Tu-Extranjeria.png 1366w\" sizes=\"(max-width: 800px) 100vw, 800px\" \/>                            <\/a>\n                                                            <div class=\"rkit-float-metawrapper-date\">\n                                    <span><strong>30<\/strong>Jan<\/span>\n                                <\/div>\n                                                    <\/div>\n                                        <div class=\"rkit-post-grid-body\">\n                                                    <div class=\"rkit-metadata\">\n                                                                                <div class=\"rkit-metadata-item\">\n                                                    <i aria-hidden=\"true\" class=\"rkit-meta-icon rtmicon rtmicon-circle-user\"><\/i>                                                    <a href=\"https:\/\/tuextranjeria.com\/fr\/author\/extraadmin\/\" title=\"Articles par Tu Extranjeria\" rel=\"author\">Tu Extranjeria<\/a>                                                <\/div>\n                                                                                            <div class=\"rkit-metadata-item\">\n                                                    <i aria-hidden=\"true\" class=\"rkit-meta-icon rtmicon rtmicon-calendar\"><\/i>                                                    <span>janvier 30, 2025<\/span>\n                                                <\/div>\n                                                                        <\/div>\n                                                                            <div class=\"rkit-post-grid-title-container\">\n                                <a class=\"rkit-post-grid-title\" href=\"https:\/\/tuextranjeria.com\/fr\/real-decreto-1155-2024-de-noviembre\/\">REAL DECRETO 1155\/2024 de noviembre.<\/a>\n                            <\/div>\n                                                                                                    <div class=\"rkit-post-grid-content\">\n                                <p class=\"rkit-post-grid-paragraph\">REAL DECRETO 1155\/2024 de noviembre. REAL DECRETO 1155\/2024 de noviembre por el que se aprueba\u2026                                <\/p>\n                            <\/div>\n                                                                                                    <div class=\"rkit-readmore-div\">\n                                <a class=\"rkit-readmore-btn\" type=\"button\" href=\"https:\/\/tuextranjeria.com\/fr\/real-decreto-1155-2024-de-noviembre\/\">\n                                                                        Leer M\u00e1s                                                                    <\/a>\n                            <\/div>\n                                            <\/div>\n                <\/div>\n        <\/div>\n        \t\t\t\t<\/div>\n\t\t\t\t<\/div>\n\t\t\t\t\t<\/div>\n\t\t<\/div>\n\t\t\t\t\t<\/div>\n\t\t<\/section>\n\t\t\t\t<\/div>","protected":false},"excerpt":{"rendered":"<p>Noticias &amp; Art\u00edculos 23Feb Tu Extranjeria febrero 23, 2025 C\u00f3mo Regularizar mi Situaci\u00f3n en Espa\u00f1a C\u00f3mo Regularizar mi Situaci\u00f3n en Espa\u00f1a Introducci\u00f3n Si te encuentras en Espa\u00f1a sin papeles y&hellip; Leer M\u00e1s 23Feb Tu Extranjeria febrero 23, 2025 NOTA ACLARATORIA SOBRE DISPOSICI\u00d3N TRANSITORIA QUINTA NOTA ACLARATORIA SOBRE DISPOSICI\u00d3N TRANSITORIA QUINTA El pasado 30 de enero [&hellip;]<\/p>\n","protected":false},"author":1,"featured_media":0,"parent":0,"menu_order":0,"comment_status":"closed","ping_status":"closed","template":"","meta":{"footnotes":""},"class_list":["post-993","page","type-page","status-publish","hentry"],"yoast_head":"<!-- This site is optimized with the Yoast SEO Premium plugin v27.0 (Yoast SEO v27.5) - https:\/\/yoast.com\/product\/yoast-seo-premium-wordpress\/ -->\n<title>Blog - Tu Extranjer\u00eda<\/title>\n<meta name=\"robots\" content=\"index, follow, max-snippet:-1, max-image-preview:large, max-video-preview:-1\" \/>\n<link rel=\"canonical\" href=\"https:\/\/tuextranjeria.com\/fr\/blog\/\" \/>\n<meta property=\"og:locale\" content=\"fr_FR\" \/>\n<meta property=\"og:type\" content=\"article\" \/>\n<meta property=\"og:title\" content=\"Blog\" \/>\n<meta property=\"og:description\" content=\"Noticias &amp; Art\u00edculos 23Feb Tu Extranjeria febrero 23, 2025 C\u00f3mo Regularizar mi Situaci\u00f3n en Espa\u00f1a C\u00f3mo Regularizar mi Situaci\u00f3n en Espa\u00f1a Introducci\u00f3n Si te encuentras en Espa\u00f1a sin papeles y&hellip; Leer M\u00e1s 23Feb Tu Extranjeria febrero 23, 2025 NOTA ACLARATORIA SOBRE DISPOSICI\u00d3N TRANSITORIA QUINTA NOTA ACLARATORIA SOBRE DISPOSICI\u00d3N TRANSITORIA QUINTA El pasado 30 de enero [&hellip;]\" \/>\n<meta property=\"og:url\" content=\"https:\/\/tuextranjeria.com\/fr\/blog\/\" \/>\n<meta property=\"og:site_name\" content=\"Tu Extranjer\u00eda\" \/>\n<meta property=\"article:modified_time\" content=\"2025-02-23T10:49:22+00:00\" \/>\n<meta property=\"og:image\" content=\"https:\/\/tuextranjeria.com\/wp-content\/uploads\/2025\/02\/Como-Regularizar-mi-Situacion-en-Espana-si-Estoy-en-Situacion-Irregular.-Tu-Extranjeria-1024x576.png\" \/>\n<meta name=\"twitter:card\" content=\"summary_large_image\" \/>\n<meta name=\"twitter:label1\" content=\"Dur\u00e9e de lecture estim\u00e9e\" \/>\n\t<meta name=\"twitter:data1\" content=\"2 minutes\" \/>\n<script type=\"application\/ld+json\" class=\"yoast-schema-graph\">{\"@context\":\"https:\\\/\\\/schema.org\",\"@graph\":[{\"@type\":\"WebPage\",\"@id\":\"https:\\\/\\\/tuextranjeria.com\\\/es_es\\\/blog\\\/\",\"url\":\"https:\\\/\\\/tuextranjeria.com\\\/es_es\\\/blog\\\/\",\"name\":\"Blog - Tu Extranjer\u00eda\",\"isPartOf\":{\"@id\":\"https:\\\/\\\/tuextranjeria.com\\\/es_es\\\/#website\"},\"primaryImageOfPage\":{\"@id\":\"https:\\\/\\\/tuextranjeria.com\\\/es_es\\\/blog\\\/#primaryimage\"},\"image\":{\"@id\":\"https:\\\/\\\/tuextranjeria.com\\\/es_es\\\/blog\\\/#primaryimage\"},\"thumbnailUrl\":\"https:\\\/\\\/tuextranjeria.com\\\/wp-content\\\/uploads\\\/2025\\\/02\\\/Como-Regularizar-mi-Situacion-en-Espana-si-Estoy-en-Situacion-Irregular.-Tu-Extranjeria-1024x576.png\",\"datePublished\":\"2025-01-30T01:58:43+00:00\",\"dateModified\":\"2025-02-23T10:49:22+00:00\",\"breadcrumb\":{\"@id\":\"https:\\\/\\\/tuextranjeria.com\\\/es_es\\\/blog\\\/#breadcrumb\"},\"inLanguage\":\"fr-FR\",\"potentialAction\":[{\"@type\":\"ReadAction\",\"target\":[\"https:\\\/\\\/tuextranjeria.com\\\/es_es\\\/blog\\\/\"]}]},{\"@type\":\"ImageObject\",\"inLanguage\":\"fr-FR\",\"@id\":\"https:\\\/\\\/tuextranjeria.com\\\/es_es\\\/blog\\\/#primaryimage\",\"url\":\"https:\\\/\\\/tuextranjeria.com\\\/wp-content\\\/uploads\\\/2025\\\/02\\\/Como-Regularizar-mi-Situacion-en-Espana-si-Estoy-en-Situacion-Irregular.-Tu-Extranjeria-1024x576.png\",\"contentUrl\":\"https:\\\/\\\/tuextranjeria.com\\\/wp-content\\\/uploads\\\/2025\\\/02\\\/Como-Regularizar-mi-Situacion-en-Espana-si-Estoy-en-Situacion-Irregular.-Tu-Extranjeria-1024x576.png\"},{\"@type\":\"BreadcrumbList\",\"@id\":\"https:\\\/\\\/tuextranjeria.com\\\/es_es\\\/blog\\\/#breadcrumb\",\"itemListElement\":[{\"@type\":\"ListItem\",\"position\":1,\"name\":\"Portada\",\"item\":\"https:\\\/\\\/tuextranjeria.com\\\/\"},{\"@type\":\"ListItem\",\"position\":2,\"name\":\"Blog\"}]},{\"@type\":\"WebSite\",\"@id\":\"https:\\\/\\\/tuextranjeria.com\\\/es_es\\\/#website\",\"url\":\"https:\\\/\\\/tuextranjeria.com\\\/es_es\\\/\",\"name\":\"Tu Extranjer\u00eda\",\"description\":\"Conectando Fronteras &amp; Cumpliendo Sue\u00f1os\",\"publisher\":{\"@id\":\"https:\\\/\\\/tuextranjeria.com\\\/es_es\\\/#organization\"},\"potentialAction\":[{\"@type\":\"SearchAction\",\"target\":{\"@type\":\"EntryPoint\",\"urlTemplate\":\"https:\\\/\\\/tuextranjeria.com\\\/es_es\\\/?s={search_term_string}\"},\"query-input\":{\"@type\":\"PropertyValueSpecification\",\"valueRequired\":true,\"valueName\":\"search_term_string\"}}],\"inLanguage\":\"fr-FR\"},{\"@type\":\"Organization\",\"@id\":\"https:\\\/\\\/tuextranjeria.com\\\/es_es\\\/#organization\",\"name\":\"Tu Extranjer\u00eda\",\"url\":\"https:\\\/\\\/tuextranjeria.com\\\/es_es\\\/\",\"logo\":{\"@type\":\"ImageObject\",\"inLanguage\":\"fr-FR\",\"@id\":\"https:\\\/\\\/tuextranjeria.com\\\/es_es\\\/#\\\/schema\\\/logo\\\/image\\\/\",\"url\":\"https:\\\/\\\/tuextranjeria.com\\\/wp-content\\\/uploads\\\/2024\\\/08\\\/NEGRO_V1.webp\",\"contentUrl\":\"https:\\\/\\\/tuextranjeria.com\\\/wp-content\\\/uploads\\\/2024\\\/08\\\/NEGRO_V1.webp\",\"width\":921,\"height\":180,\"caption\":\"Tu Extranjer\u00eda\"},\"image\":{\"@id\":\"https:\\\/\\\/tuextranjeria.com\\\/es_es\\\/#\\\/schema\\\/logo\\\/image\\\/\"}}]}<\/script>\n<!-- \/ Yoast SEO Premium plugin. -->","yoast_head_json":{"title":"Blog - Tu Extranjer\u00eda","robots":{"index":"index","follow":"follow","max-snippet":"max-snippet:-1","max-image-preview":"max-image-preview:large","max-video-preview":"max-video-preview:-1"},"canonical":"https:\/\/tuextranjeria.com\/fr\/blog\/","og_locale":"fr_FR","og_type":"article","og_title":"Blog","og_description":"Noticias &amp; Art\u00edculos 23Feb Tu Extranjeria febrero 23, 2025 C\u00f3mo Regularizar mi Situaci\u00f3n en Espa\u00f1a C\u00f3mo Regularizar mi Situaci\u00f3n en Espa\u00f1a Introducci\u00f3n Si te encuentras en Espa\u00f1a sin papeles y&hellip; Leer M\u00e1s 23Feb Tu Extranjeria febrero 23, 2025 NOTA ACLARATORIA SOBRE DISPOSICI\u00d3N TRANSITORIA QUINTA NOTA ACLARATORIA SOBRE DISPOSICI\u00d3N TRANSITORIA QUINTA El pasado 30 de enero [&hellip;]","og_url":"https:\/\/tuextranjeria.com\/fr\/blog\/","og_site_name":"Tu Extranjer\u00eda","article_modified_time":"2025-02-23T10:49:22+00:00","og_image":[{"url":"https:\/\/tuextranjeria.com\/wp-content\/uploads\/2025\/02\/Como-Regularizar-mi-Situacion-en-Espana-si-Estoy-en-Situacion-Irregular.-Tu-Extranjeria-1024x576.png","type":"","width":"","height":""}],"twitter_card":"summary_large_image","twitter_misc":{"Dur\u00e9e de lecture estim\u00e9e":"2 minutes"},"schema":{"@context":"https:\/\/schema.org","@graph":[{"@type":"WebPage","@id":"https:\/\/tuextranjeria.com\/es_es\/blog\/","url":"https:\/\/tuextranjeria.com\/es_es\/blog\/","name":"Blog - Tu Extranjer\u00eda","isPartOf":{"@id":"https:\/\/tuextranjeria.com\/es_es\/#website"},"primaryImageOfPage":{"@id":"https:\/\/tuextranjeria.com\/es_es\/blog\/#primaryimage"},"image":{"@id":"https:\/\/tuextranjeria.com\/es_es\/blog\/#primaryimage"},"thumbnailUrl":"https:\/\/tuextranjeria.com\/wp-content\/uploads\/2025\/02\/Como-Regularizar-mi-Situacion-en-Espana-si-Estoy-en-Situacion-Irregular.-Tu-Extranjeria-1024x576.png","datePublished":"2025-01-30T01:58:43+00:00","dateModified":"2025-02-23T10:49:22+00:00","breadcrumb":{"@id":"https:\/\/tuextranjeria.com\/es_es\/blog\/#breadcrumb"},"inLanguage":"fr-FR","potentialAction":[{"@type":"ReadAction","target":["https:\/\/tuextranjeria.com\/es_es\/blog\/"]}]},{"@type":"ImageObject","inLanguage":"fr-FR","@id":"https:\/\/tuextranjeria.com\/es_es\/blog\/#primaryimage","url":"https:\/\/tuextranjeria.com\/wp-content\/uploads\/2025\/02\/Como-Regularizar-mi-Situacion-en-Espana-si-Estoy-en-Situacion-Irregular.-Tu-Extranjeria-1024x576.png","contentUrl":"https:\/\/tuextranjeria.com\/wp-content\/uploads\/2025\/02\/Como-Regularizar-mi-Situacion-en-Espana-si-Estoy-en-Situacion-Irregular.-Tu-Extranjeria-1024x576.png"},{"@type":"BreadcrumbList","@id":"https:\/\/tuextranjeria.com\/es_es\/blog\/#breadcrumb","itemListElement":[{"@type":"ListItem","position":1,"name":"Portada","item":"https:\/\/tuextranjeria.com\/"},{"@type":"ListItem","position":2,"name":"Blog"}]},{"@type":"WebSite","@id":"https:\/\/tuextranjeria.com\/es_es\/#website","url":"https:\/\/tuextranjeria.com\/es_es\/","name":"Tu Extranjer\u00eda","description":"Conectando Fronteras &amp; Cumpliendo Sue\u00f1os","publisher":{"@id":"https:\/\/tuextranjeria.com\/es_es\/#organization"},"potentialAction":[{"@type":"SearchAction","target":{"@type":"EntryPoint","urlTemplate":"https:\/\/tuextranjeria.com\/es_es\/?s={search_term_string}"},"query-input":{"@type":"PropertyValueSpecification","valueRequired":true,"valueName":"search_term_string"}}],"inLanguage":"fr-FR"},{"@type":"Organization","@id":"https:\/\/tuextranjeria.com\/es_es\/#organization","name":"Tu Extranjer\u00eda","url":"https:\/\/tuextranjeria.com\/es_es\/","logo":{"@type":"ImageObject","inLanguage":"fr-FR","@id":"https:\/\/tuextranjeria.com\/es_es\/#\/schema\/logo\/image\/","url":"https:\/\/tuextranjeria.com\/wp-content\/uploads\/2024\/08\/NEGRO_V1.webp","contentUrl":"https:\/\/tuextranjeria.com\/wp-content\/uploads\/2024\/08\/NEGRO_V1.webp","width":921,"height":180,"caption":"Tu Extranjer\u00eda"},"image":{"@id":"https:\/\/tuextranjeria.com\/es_es\/#\/schema\/logo\/image\/"}}]}},"_links":{"self":[{"href":"https:\/\/tuextranjeria.com\/fr\/wp-json\/wp\/v2\/pages\/993","targetHints":{"allow":["GET"]}}],"collection":[{"href":"https:\/\/tuextranjeria.com\/fr\/wp-json\/wp\/v2\/pages"}],"about":[{"href":"https:\/\/tuextranjeria.com\/fr\/wp-json\/wp\/v2\/types\/page"}],"author":[{"embeddable":true,"href":"https:\/\/tuextranjeria.com\/fr\/wp-json\/wp\/v2\/users\/1"}],"replies":[{"embeddable":true,"href":"https:\/\/tuextranjeria.com\/fr\/wp-json\/wp\/v2\/comments?post=993"}],"version-history":[{"count":5,"href":"https:\/\/tuextranjeria.com\/fr\/wp-json\/wp\/v2\/pages\/993\/revisions"}],"predecessor-version":[{"id":1075,"href":"https:\/\/tuextranjeria.com\/fr\/wp-json\/wp\/v2\/pages\/993\/revisions\/1075"}],"wp:attachment":[{"href":"https:\/\/tuextranjeria.com\/fr\/wp-json\/wp\/v2\/media?parent=993"}],"curies":[{"name":"wp","href":"https:\/\/api.w.org\/{rel}","templated":true}]}}