{"id":185,"date":"2024-07-07T23:55:32","date_gmt":"2024-07-07T21:55:32","guid":{"rendered":"https:\/\/tuextranjeria.com\/?page_id=185"},"modified":"2024-09-23T17:37:44","modified_gmt":"2024-09-23T15:37:44","slug":"citas","status":"publish","type":"page","link":"https:\/\/tuextranjeria.com\/fr\/citas\/","title":{"rendered":"Citas"},"content":{"rendered":"\t\t<div data-elementor-type=\"wp-page\" data-elementor-id=\"185\" class=\"elementor elementor-185\" data-elementor-post-type=\"page\">\n\t\t\t\t\t\t<section class=\"elementor-section elementor-top-section elementor-element elementor-element-1eb9b3a5 elementor-section-height-min-height elementor-section-boxed elementor-section-height-default elementor-section-items-middle\" data-id=\"1eb9b3a5\" data-element_type=\"section\" data-e-type=\"section\" data-settings=\"{&quot;background_background&quot;:&quot;classic&quot;}\">\n\t\t\t\t\t\t\t<div class=\"elementor-background-overlay\"><\/div>\n\t\t\t\t\t\t\t<div class=\"elementor-container elementor-column-gap-default\">\n\t\t\t\t\t<div class=\"elementor-column elementor-col-100 elementor-top-column elementor-element elementor-element-20ab45a0\" data-id=\"20ab45a0\" data-element_type=\"column\" data-e-type=\"column\">\n\t\t\t<div class=\"elementor-widget-wrap elementor-element-populated\">\n\t\t\t\t\t\t<section class=\"elementor-section elementor-inner-section elementor-element elementor-element-7f68c252 elementor-section-boxed elementor-section-height-default elementor-section-height-default\" data-id=\"7f68c252\" data-element_type=\"section\" data-e-type=\"section\">\n\t\t\t\t\t\t<div class=\"elementor-container elementor-column-gap-default\">\n\t\t\t\t\t<div class=\"elementor-column elementor-col-100 elementor-inner-column elementor-element elementor-element-335a51\" data-id=\"335a51\" data-element_type=\"column\" data-e-type=\"column\">\n\t\t\t<div class=\"elementor-widget-wrap elementor-element-populated\">\n\t\t\t\t\t\t<div class=\"elementor-element elementor-element-4b41a518 elementor-invisible elementor-widget elementor-widget-heading\" data-id=\"4b41a518\" data-element_type=\"widget\" data-e-type=\"widget\" data-settings=\"{&quot;_animation&quot;:&quot;fadeInUp&quot;}\" data-widget_type=\"heading.default\">\n\t\t\t\t<div class=\"elementor-widget-container\">\n\t\t\t\t\t<h1 class=\"elementor-heading-title elementor-size-default\">Agenda tu Consulta Personalizada<\/h1>\t\t\t\t<\/div>\n\t\t\t\t<\/div>\n\t\t\t\t<div class=\"elementor-element elementor-element-59125cd2 elementor-invisible elementor-widget elementor-widget-heading\" data-id=\"59125cd2\" data-element_type=\"widget\" data-e-type=\"widget\" data-settings=\"{&quot;_animation&quot;:&quot;fadeInUp&quot;,&quot;_animation_delay&quot;:200}\" data-widget_type=\"heading.default\">\n\t\t\t\t<div class=\"elementor-widget-container\">\n\t\t\t\t\t<h3 class=\"elementor-heading-title elementor-size-default\">Elige una fecha y hora que se ajuste a tu horario y recibe asesor\u00eda legal especializada para regularizar tu situaci\u00f3n en Espa\u00f1a. Estamos aqu\u00ed para guiarte en cada paso del proceso.\n<\/h3>\t\t\t\t<\/div>\n\t\t\t\t<\/div>\n\t\t\t\t\t<\/div>\n\t\t<\/div>\n\t\t\t\t\t<\/div>\n\t\t<\/section>\n\t\t\t\t\t<\/div>\n\t\t<\/div>\n\t\t\t\t\t<\/div>\n\t\t<\/section>\n\t\t<div class=\"elementor-element elementor-element-54f61de e-flex e-con-boxed e-con e-parent\" data-id=\"54f61de\" data-element_type=\"container\" data-e-type=\"container\">\n\t\t\t\t\t<div class=\"e-con-inner\">\n\t\t\t\t\t<\/div>\n\t\t\t\t<\/div>\n\t\t<div class=\"elementor-element elementor-element-f6f0cdd e-flex e-con-boxed e-con e-parent\" data-id=\"f6f0cdd\" data-element_type=\"container\" data-e-type=\"container\">\n\t\t\t\t\t<div class=\"e-con-inner\">\n\t\t\t\t<div class=\"elementor-element elementor-element-f76bbfb elementor-widget elementor-widget-stepbooking\" data-id=\"f76bbfb\" data-element_type=\"widget\" data-e-type=\"widget\" data-widget_type=\"stepbooking.default\">\n\t\t\t\t<div class=\"elementor-widget-container\">\n\t\t\t\t\t\n<script>\n  if (typeof hasAmeliaEntitiesApiCall === 'undefined' && ('' === '' && '' !== '1')) {\n    var hasAmeliaEntitiesApiCall = true;\n  }\n  var ameliaShortcodeData = (typeof ameliaShortcodeData === 'undefined') ? [] : ameliaShortcodeData;\n  ameliaShortcodeData.push(\n    {\n      'hasApiCall': (typeof hasAmeliaEntitiesApiCall !== 'undefined') && hasAmeliaEntitiesApiCall,\n      'trigger': '',\n      'trigger_type': '',\n      'triggered_form': 'sbsNew',\n      'in_dialog': '',\n      'show': '',\n      'counter': '1000',\n      'category': '',\n      'service': '',\n      'employee': '',\n      'location': '',\n      'package': '',\n      'layout': '1',\n    }\n  );\n\n  var ameliaShortcodeDataTriggered = (typeof ameliaShortcodeDataTriggered === 'undefined') ? [] : ameliaShortcodeDataTriggered;\n  if (ameliaShortcodeData[ameliaShortcodeData.length - 1].trigger !== '') {\n    if (ameliaShortcodeDataTriggered.filter(a => a.counter === ameliaShortcodeData[ameliaShortcodeData.length - 1].counter).length === 0) {\n      ameliaShortcodeDataTriggered.push(ameliaShortcodeData.pop());\n    } else {\n      ameliaShortcodeData.pop()\n    }\n  }\n  if (typeof hasAmeliaEntitiesApiCall !== 'undefined' && hasAmeliaEntitiesApiCall) {\n    hasAmeliaEntitiesApiCall = false;\n  }\n<\/script>\n\n<div\n  id=\"amelia-v2-booking-1000\"\n  class=\"amelia-v2-booking\"\n >\n    <step-form-wrapper><\/step-form-wrapper><\/div>\n\t\t\t\t<\/div>\n\t\t\t\t<\/div>\n\t\t\t\t\t<\/div>\n\t\t\t\t<\/div>\n\t\t\t\t<section class=\"elementor-section elementor-top-section elementor-element elementor-element-cb9ce2d elementor-section-boxed elementor-section-height-default elementor-section-height-default\" data-id=\"cb9ce2d\" data-element_type=\"section\" data-e-type=\"section\" data-settings=\"{&quot;background_background&quot;:&quot;classic&quot;}\">\n\t\t\t\t\t\t<div class=\"elementor-container elementor-column-gap-default\">\n\t\t\t\t\t<div class=\"elementor-column elementor-col-100 elementor-top-column elementor-element elementor-element-54465d25 elementor-invisible\" data-id=\"54465d25\" data-element_type=\"column\" data-e-type=\"column\" data-settings=\"{&quot;animation&quot;:&quot;fadeInDown&quot;}\">\n\t\t\t<div class=\"elementor-widget-wrap elementor-element-populated\">\n\t\t\t\t\t\t<div class=\"elementor-element elementor-element-4236073f elementor-widget elementor-widget-heading\" data-id=\"4236073f\" data-element_type=\"widget\" data-e-type=\"widget\" data-widget_type=\"heading.default\">\n\t\t\t\t<div class=\"elementor-widget-container\">\n\t\t\t\t\t<h6 class=\"elementor-heading-title elementor-size-default\">Estaremos contigo en todo el proceso<\/h6>\t\t\t\t<\/div>\n\t\t\t\t<\/div>\n\t\t\t\t<div class=\"elementor-element elementor-element-7f3b59e0 elementor-widget elementor-widget-heading\" data-id=\"7f3b59e0\" data-element_type=\"widget\" data-e-type=\"widget\" data-widget_type=\"heading.default\">\n\t\t\t\t<div class=\"elementor-widget-container\">\n\t\t\t\t\t<h2 class=\"elementor-heading-title elementor-size-default\">\u00a1Reserva ahora y da el primer paso hacia tu tranquilidad legal!<\/h2>\t\t\t\t<\/div>\n\t\t\t\t<\/div>\n\t\t\t\t<div class=\"elementor-element elementor-element-1834624e elementor-widget elementor-widget-text-editor\" data-id=\"1834624e\" data-element_type=\"widget\" data-e-type=\"widget\" data-widget_type=\"text-editor.default\">\n\t\t\t\t<div class=\"elementor-widget-container\">\n\t\t\t\t\t\t\t\t\t<p>Conf\u00eda en nuestro equipo experto para guiarte en cada paso del camino. Estamos comprometidos a hacer de tu proceso migratorio una experiencia segura y sin complicaciones.<\/p>\t\t\t\t\t\t\t\t<\/div>\n\t\t\t\t<\/div>\n\t\t\t\t\t<\/div>\n\t\t<\/div>\n\t\t\t\t\t<\/div>\n\t\t<\/section>\n\t\t<div class=\"elementor-element elementor-element-a816806 e-flex e-con-boxed e-con e-parent\" data-id=\"a816806\" data-element_type=\"container\" data-e-type=\"container\">\n\t\t\t\t\t<div class=\"e-con-inner\">\n\t\t\t\t<div class=\"elementor-element elementor-element-8d24cce elementor-widget elementor-widget-image\" data-id=\"8d24cce\" data-element_type=\"widget\" data-e-type=\"widget\" data-widget_type=\"image.default\">\n\t\t\t\t<div class=\"elementor-widget-container\">\n\t\t\t\t\t\t\t\t\t\t\t\t\t\t\t<img fetchpriority=\"high\" decoding=\"async\" width=\"800\" height=\"188\" src=\"https:\/\/tuextranjeria.com\/wp-content\/uploads\/2024\/09\/tu-extrangeria-copia-1024x241.webp\" class=\"attachment-large size-large wp-image-721\" alt=\"\" srcset=\"https:\/\/tuextranjeria.com\/wp-content\/uploads\/2024\/09\/tu-extrangeria-copia-1024x241.webp 1024w, https:\/\/tuextranjeria.com\/wp-content\/uploads\/2024\/09\/tu-extrangeria-copia-300x71.webp 300w, https:\/\/tuextranjeria.com\/wp-content\/uploads\/2024\/09\/tu-extrangeria-copia-768x181.webp 768w, https:\/\/tuextranjeria.com\/wp-content\/uploads\/2024\/09\/tu-extrangeria-copia.webp 1340w\" sizes=\"(max-width: 800px) 100vw, 800px\" \/>\t\t\t\t\t\t\t\t\t\t\t\t\t\t\t<\/div>\n\t\t\t\t<\/div>\n\t\t\t\t\t<\/div>\n\t\t\t\t<\/div>\n\t\t\t\t<\/div>\n\t\t","protected":false},"excerpt":{"rendered":"<p>Agenda tu Consulta Personalizada Elige una fecha y hora que se ajuste a tu horario y recibe asesor\u00eda legal especializada para regularizar tu situaci\u00f3n en Espa\u00f1a. Estamos aqu\u00ed para guiarte en cada paso del proceso. Estaremos contigo en todo el proceso \u00a1Reserva ahora y da el primer paso hacia tu tranquilidad legal! Conf\u00eda en nuestro [&hellip;]<\/p>\n","protected":false},"author":1,"featured_media":0,"parent":0,"menu_order":0,"comment_status":"closed","ping_status":"closed","template":"","meta":{"footnotes":""},"class_list":["post-185","page","type-page","status-publish","hentry"],"yoast_head":"<!-- This site is optimized with the Yoast SEO Premium plugin v27.0 (Yoast SEO v27.5) - https:\/\/yoast.com\/product\/yoast-seo-premium-wordpress\/ -->\n<title>Citas - Tu Extranjer\u00eda<\/title>\n<meta name=\"robots\" content=\"index, follow, max-snippet:-1, max-image-preview:large, max-video-preview:-1\" \/>\n<link rel=\"canonical\" href=\"https:\/\/tuextranjeria.com\/fr\/citas\/\" \/>\n<meta property=\"og:locale\" content=\"fr_FR\" \/>\n<meta property=\"og:type\" content=\"article\" \/>\n<meta property=\"og:title\" content=\"Citas\" \/>\n<meta property=\"og:description\" content=\"Agenda tu Consulta Personalizada Elige una fecha y hora que se ajuste a tu horario y recibe asesor\u00eda legal especializada para regularizar tu situaci\u00f3n en Espa\u00f1a. Estamos aqu\u00ed para guiarte en cada paso del proceso. Estaremos contigo en todo el proceso \u00a1Reserva ahora y da el primer paso hacia tu tranquilidad legal! Conf\u00eda en nuestro [&hellip;]\" \/>\n<meta property=\"og:url\" content=\"https:\/\/tuextranjeria.com\/fr\/citas\/\" \/>\n<meta property=\"og:site_name\" content=\"Tu Extranjer\u00eda\" \/>\n<meta property=\"article:modified_time\" content=\"2024-09-23T15:37:44+00:00\" \/>\n<meta property=\"og:image\" content=\"https:\/\/tuextranjeria.com\/wp-content\/uploads\/2024\/09\/tu-extrangeria-copia-1024x241.webp\" \/>\n<meta name=\"twitter:card\" content=\"summary_large_image\" \/>\n<script type=\"application\/ld+json\" class=\"yoast-schema-graph\">{\"@context\":\"https:\\\/\\\/schema.org\",\"@graph\":[{\"@type\":\"WebPage\",\"@id\":\"https:\\\/\\\/tuextranjeria.com\\\/ru\\\/citas\\\/\",\"url\":\"https:\\\/\\\/tuextranjeria.com\\\/ru\\\/citas\\\/\",\"name\":\"Citas - Tu Extranjer\u00eda\",\"isPartOf\":{\"@id\":\"https:\\\/\\\/tuextranjeria.com\\\/es_es\\\/#website\"},\"primaryImageOfPage\":{\"@id\":\"https:\\\/\\\/tuextranjeria.com\\\/ru\\\/citas\\\/#primaryimage\"},\"image\":{\"@id\":\"https:\\\/\\\/tuextranjeria.com\\\/ru\\\/citas\\\/#primaryimage\"},\"thumbnailUrl\":\"https:\\\/\\\/tuextranjeria.com\\\/wp-content\\\/uploads\\\/2024\\\/09\\\/tu-extrangeria-copia-1024x241.webp\",\"datePublished\":\"2024-07-07T21:55:32+00:00\",\"dateModified\":\"2024-09-23T15:37:44+00:00\",\"breadcrumb\":{\"@id\":\"https:\\\/\\\/tuextranjeria.com\\\/ru\\\/citas\\\/#breadcrumb\"},\"inLanguage\":\"fr-FR\",\"potentialAction\":[{\"@type\":\"ReadAction\",\"target\":[\"https:\\\/\\\/tuextranjeria.com\\\/ru\\\/citas\\\/\"]}]},{\"@type\":\"ImageObject\",\"inLanguage\":\"fr-FR\",\"@id\":\"https:\\\/\\\/tuextranjeria.com\\\/ru\\\/citas\\\/#primaryimage\",\"url\":\"https:\\\/\\\/tuextranjeria.com\\\/wp-content\\\/uploads\\\/2024\\\/09\\\/tu-extrangeria-copia-1024x241.webp\",\"contentUrl\":\"https:\\\/\\\/tuextranjeria.com\\\/wp-content\\\/uploads\\\/2024\\\/09\\\/tu-extrangeria-copia-1024x241.webp\"},{\"@type\":\"BreadcrumbList\",\"@id\":\"https:\\\/\\\/tuextranjeria.com\\\/ru\\\/citas\\\/#breadcrumb\",\"itemListElement\":[{\"@type\":\"ListItem\",\"position\":1,\"name\":\"Portada\",\"item\":\"https:\\\/\\\/tuextranjeria.com\\\/\"},{\"@type\":\"ListItem\",\"position\":2,\"name\":\"Citas\"}]},{\"@type\":\"WebSite\",\"@id\":\"https:\\\/\\\/tuextranjeria.com\\\/es_es\\\/#website\",\"url\":\"https:\\\/\\\/tuextranjeria.com\\\/es_es\\\/\",\"name\":\"Tu Extranjer\u00eda\",\"description\":\"Conectando Fronteras &amp; Cumpliendo Sue\u00f1os\",\"publisher\":{\"@id\":\"https:\\\/\\\/tuextranjeria.com\\\/es_es\\\/#organization\"},\"potentialAction\":[{\"@type\":\"SearchAction\",\"target\":{\"@type\":\"EntryPoint\",\"urlTemplate\":\"https:\\\/\\\/tuextranjeria.com\\\/es_es\\\/?s={search_term_string}\"},\"query-input\":{\"@type\":\"PropertyValueSpecification\",\"valueRequired\":true,\"valueName\":\"search_term_string\"}}],\"inLanguage\":\"fr-FR\"},{\"@type\":\"Organization\",\"@id\":\"https:\\\/\\\/tuextranjeria.com\\\/es_es\\\/#organization\",\"name\":\"Tu Extranjer\u00eda\",\"url\":\"https:\\\/\\\/tuextranjeria.com\\\/es_es\\\/\",\"logo\":{\"@type\":\"ImageObject\",\"inLanguage\":\"fr-FR\",\"@id\":\"https:\\\/\\\/tuextranjeria.com\\\/es_es\\\/#\\\/schema\\\/logo\\\/image\\\/\",\"url\":\"https:\\\/\\\/tuextranjeria.com\\\/wp-content\\\/uploads\\\/2024\\\/08\\\/NEGRO_V1.webp\",\"contentUrl\":\"https:\\\/\\\/tuextranjeria.com\\\/wp-content\\\/uploads\\\/2024\\\/08\\\/NEGRO_V1.webp\",\"width\":921,\"height\":180,\"caption\":\"Tu Extranjer\u00eda\"},\"image\":{\"@id\":\"https:\\\/\\\/tuextranjeria.com\\\/es_es\\\/#\\\/schema\\\/logo\\\/image\\\/\"}}]}<\/script>\n<!-- \/ Yoast SEO Premium plugin. -->","yoast_head_json":{"title":"Citas - Tu Extranjer\u00eda","robots":{"index":"index","follow":"follow","max-snippet":"max-snippet:-1","max-image-preview":"max-image-preview:large","max-video-preview":"max-video-preview:-1"},"canonical":"https:\/\/tuextranjeria.com\/fr\/citas\/","og_locale":"fr_FR","og_type":"article","og_title":"Citas","og_description":"Agenda tu Consulta Personalizada Elige una fecha y hora que se ajuste a tu horario y recibe asesor\u00eda legal especializada para regularizar tu situaci\u00f3n en Espa\u00f1a. Estamos aqu\u00ed para guiarte en cada paso del proceso. Estaremos contigo en todo el proceso \u00a1Reserva ahora y da el primer paso hacia tu tranquilidad legal! Conf\u00eda en nuestro [&hellip;]","og_url":"https:\/\/tuextranjeria.com\/fr\/citas\/","og_site_name":"Tu Extranjer\u00eda","article_modified_time":"2024-09-23T15:37:44+00:00","og_image":[{"url":"https:\/\/tuextranjeria.com\/wp-content\/uploads\/2024\/09\/tu-extrangeria-copia-1024x241.webp","type":"","width":"","height":""}],"twitter_card":"summary_large_image","schema":{"@context":"https:\/\/schema.org","@graph":[{"@type":"WebPage","@id":"https:\/\/tuextranjeria.com\/ru\/citas\/","url":"https:\/\/tuextranjeria.com\/ru\/citas\/","name":"Citas - Tu Extranjer\u00eda","isPartOf":{"@id":"https:\/\/tuextranjeria.com\/es_es\/#website"},"primaryImageOfPage":{"@id":"https:\/\/tuextranjeria.com\/ru\/citas\/#primaryimage"},"image":{"@id":"https:\/\/tuextranjeria.com\/ru\/citas\/#primaryimage"},"thumbnailUrl":"https:\/\/tuextranjeria.com\/wp-content\/uploads\/2024\/09\/tu-extrangeria-copia-1024x241.webp","datePublished":"2024-07-07T21:55:32+00:00","dateModified":"2024-09-23T15:37:44+00:00","breadcrumb":{"@id":"https:\/\/tuextranjeria.com\/ru\/citas\/#breadcrumb"},"inLanguage":"fr-FR","potentialAction":[{"@type":"ReadAction","target":["https:\/\/tuextranjeria.com\/ru\/citas\/"]}]},{"@type":"ImageObject","inLanguage":"fr-FR","@id":"https:\/\/tuextranjeria.com\/ru\/citas\/#primaryimage","url":"https:\/\/tuextranjeria.com\/wp-content\/uploads\/2024\/09\/tu-extrangeria-copia-1024x241.webp","contentUrl":"https:\/\/tuextranjeria.com\/wp-content\/uploads\/2024\/09\/tu-extrangeria-copia-1024x241.webp"},{"@type":"BreadcrumbList","@id":"https:\/\/tuextranjeria.com\/ru\/citas\/#breadcrumb","itemListElement":[{"@type":"ListItem","position":1,"name":"Portada","item":"https:\/\/tuextranjeria.com\/"},{"@type":"ListItem","position":2,"name":"Citas"}]},{"@type":"WebSite","@id":"https:\/\/tuextranjeria.com\/es_es\/#website","url":"https:\/\/tuextranjeria.com\/es_es\/","name":"Tu Extranjer\u00eda","description":"Conectando Fronteras &amp; Cumpliendo Sue\u00f1os","publisher":{"@id":"https:\/\/tuextranjeria.com\/es_es\/#organization"},"potentialAction":[{"@type":"SearchAction","target":{"@type":"EntryPoint","urlTemplate":"https:\/\/tuextranjeria.com\/es_es\/?s={search_term_string}"},"query-input":{"@type":"PropertyValueSpecification","valueRequired":true,"valueName":"search_term_string"}}],"inLanguage":"fr-FR"},{"@type":"Organization","@id":"https:\/\/tuextranjeria.com\/es_es\/#organization","name":"Tu Extranjer\u00eda","url":"https:\/\/tuextranjeria.com\/es_es\/","logo":{"@type":"ImageObject","inLanguage":"fr-FR","@id":"https:\/\/tuextranjeria.com\/es_es\/#\/schema\/logo\/image\/","url":"https:\/\/tuextranjeria.com\/wp-content\/uploads\/2024\/08\/NEGRO_V1.webp","contentUrl":"https:\/\/tuextranjeria.com\/wp-content\/uploads\/2024\/08\/NEGRO_V1.webp","width":921,"height":180,"caption":"Tu Extranjer\u00eda"},"image":{"@id":"https:\/\/tuextranjeria.com\/es_es\/#\/schema\/logo\/image\/"}}]}},"_links":{"self":[{"href":"https:\/\/tuextranjeria.com\/fr\/wp-json\/wp\/v2\/pages\/185","targetHints":{"allow":["GET"]}}],"collection":[{"href":"https:\/\/tuextranjeria.com\/fr\/wp-json\/wp\/v2\/pages"}],"about":[{"href":"https:\/\/tuextranjeria.com\/fr\/wp-json\/wp\/v2\/types\/page"}],"author":[{"embeddable":true,"href":"https:\/\/tuextranjeria.com\/fr\/wp-json\/wp\/v2\/users\/1"}],"replies":[{"embeddable":true,"href":"https:\/\/tuextranjeria.com\/fr\/wp-json\/wp\/v2\/comments?post=185"}],"version-history":[{"count":5,"href":"https:\/\/tuextranjeria.com\/fr\/wp-json\/wp\/v2\/pages\/185\/revisions"}],"predecessor-version":[{"id":746,"href":"https:\/\/tuextranjeria.com\/fr\/wp-json\/wp\/v2\/pages\/185\/revisions\/746"}],"wp:attachment":[{"href":"https:\/\/tuextranjeria.com\/fr\/wp-json\/wp\/v2\/media?parent=185"}],"curies":[{"name":"wp","href":"https:\/\/api.w.org\/{rel}","templated":true}]}}