{"id":529,"date":"2024-09-15T16:20:44","date_gmt":"2024-09-15T14:20:44","guid":{"rendered":"https:\/\/tuextranjeria.com\/?page_id=529"},"modified":"2024-10-10T20:25:53","modified_gmt":"2024-10-10T18:25:53","slug":"nosotros-abogada-extranjeria","status":"publish","type":"page","link":"https:\/\/tuextranjeria.com\/es_es\/nosotros-abogada-extranjeria\/","title":{"rendered":"Nosotros"},"content":{"rendered":"\t\t<div data-elementor-type=\"wp-page\" data-elementor-id=\"529\" class=\"elementor elementor-529\" data-elementor-post-type=\"page\">\n\t\t\t\t<div class=\"elementor-element elementor-element-5f30c320 e-flex e-con-boxed e-con e-parent\" data-id=\"5f30c320\" data-element_type=\"container\" data-e-type=\"container\" data-settings=\"{&quot;background_background&quot;:&quot;classic&quot;}\">\n\t\t\t\t\t<div class=\"e-con-inner\">\n\t\t\t\t<div class=\"elementor-element elementor-element-780e3b89 elementor-widget elementor-widget-heading\" data-id=\"780e3b89\" data-element_type=\"widget\" data-e-type=\"widget\" data-widget_type=\"heading.default\">\n\t\t\t\t<div class=\"elementor-widget-container\">\n\t\t\t\t\t<h2 class=\"elementor-heading-title elementor-size-default\">Nosotros<\/h2>\t\t\t\t<\/div>\n\t\t\t\t<\/div>\n\t\t\t\t<div class=\"elementor-element elementor-element-3216fdfb elementor-widget elementor-widget-text-editor\" data-id=\"3216fdfb\" data-element_type=\"widget\" data-e-type=\"widget\" data-widget_type=\"text-editor.default\">\n\t\t\t\t<div class=\"elementor-widget-container\">\n\t\t\t\t\t\t\t\t\tHome &#8211; <a href=\"#\">Nosotros<\/a>\t\t\t\t\t\t\t\t<\/div>\n\t\t\t\t<\/div>\n\t\t\t\t\t<\/div>\n\t\t\t\t<\/div>\n\t\t\t\t<section class=\"elementor-section elementor-top-section elementor-element elementor-element-8c5b81f elementor-section-boxed elementor-section-height-default elementor-section-height-default\" data-id=\"8c5b81f\" data-element_type=\"section\" data-e-type=\"section\" data-settings=\"{&quot;background_background&quot;:&quot;classic&quot;}\">\n\t\t\t\t\t\t\t<div class=\"elementor-background-overlay\"><\/div>\n\t\t\t\t\t\t\t<div class=\"elementor-container elementor-column-gap-default\">\n\t\t\t\t\t<div class=\"elementor-column elementor-col-50 elementor-top-column elementor-element elementor-element-1570d49 elementor-invisible\" data-id=\"1570d49\" data-element_type=\"column\" data-e-type=\"column\" data-settings=\"{&quot;animation&quot;:&quot;fadeInLeft&quot;}\">\n\t\t\t<div class=\"elementor-widget-wrap elementor-element-populated\">\n\t\t\t\t\t\t<div class=\"elementor-element elementor-element-b470a45 elementor-widget elementor-widget-heading\" data-id=\"b470a45\" data-element_type=\"widget\" data-e-type=\"widget\" data-widget_type=\"heading.default\">\n\t\t\t\t<div class=\"elementor-widget-container\">\n\t\t\t\t\t<h6 class=\"elementor-heading-title elementor-size-default\">Qui\u00e9nes Somos<\/h6>\t\t\t\t<\/div>\n\t\t\t\t<\/div>\n\t\t\t\t<div class=\"elementor-element elementor-element-0f11275 elementor-widget elementor-widget-heading\" data-id=\"0f11275\" data-element_type=\"widget\" data-e-type=\"widget\" data-widget_type=\"heading.default\">\n\t\t\t\t<div class=\"elementor-widget-container\">\n\t\t\t\t\t<h2 class=\"elementor-heading-title elementor-size-default\">Conociendo a Tu Extranjer\u00eda<\/h2>\t\t\t\t<\/div>\n\t\t\t\t<\/div>\n\t\t\t\t<div class=\"elementor-element elementor-element-6bf8eda elementor-widget elementor-widget-text-editor\" data-id=\"6bf8eda\" data-element_type=\"widget\" data-e-type=\"widget\" data-widget_type=\"text-editor.default\">\n\t\t\t\t<div class=\"elementor-widget-container\">\n\t\t\t\t\t\t\t\t\t<p>En Tu Extranjer\u00eda, somos m\u00e1s que un despacho de abogados. Liderado por Mariama, abogada de extranjer\u00eda e hija de inmigrantes, entendemos de primera mano los desaf\u00edos de la migraci\u00f3n. No solo resolvemos tu situaci\u00f3n legal en Espa\u00f1a de manera eficiente, sino que te acompa\u00f1amos en cada paso para que te adaptes plenamente a tu nueva vida.<\/p>\t\t\t\t\t\t\t\t<\/div>\n\t\t\t\t<\/div>\n\t\t\t\t<div class=\"elementor-element elementor-element-c2fe9f3 elementor-widget elementor-widget-text-editor\" data-id=\"c2fe9f3\" data-element_type=\"widget\" data-e-type=\"widget\" data-widget_type=\"text-editor.default\">\n\t\t\t\t<div class=\"elementor-widget-container\">\n\t\t\t\t\t\t\t\t\t<p>Con un enfoque cercano y personalizado, Tu Extranjer\u00eda est\u00e1 contigo desde el inicio hasta el final, asegurando que tu proceso migratorio sea r\u00e1pido, efectivo y exitoso.<\/p><p>M\u00e1s que abogados, somos tu aliado en Espa\u00f1a.<\/p>\t\t\t\t\t\t\t\t<\/div>\n\t\t\t\t<\/div>\n\t\t\t\t<div class=\"elementor-element elementor-element-847a75c elementor-mobile-align-center elementor-widget-tablet__width-initial elementor-widget-mobile__width-initial elementor-widget elementor-widget-button\" data-id=\"847a75c\" data-element_type=\"widget\" data-e-type=\"widget\" data-widget_type=\"button.default\">\n\t\t\t\t<div class=\"elementor-widget-container\">\n\t\t\t\t\t\t\t\t\t<div class=\"elementor-button-wrapper\">\n\t\t\t\t\t<a class=\"elementor-button elementor-button-link elementor-size-sm elementor-animation-shrink\" href=\"\/citas\/\">\n\t\t\t\t\t\t<span class=\"elementor-button-content-wrapper\">\n\t\t\t\t\t\t\t\t\t<span class=\"elementor-button-text\">Reserva tu cita - 49\u20ac<\/span>\n\t\t\t\t\t<\/span>\n\t\t\t\t\t<\/a>\n\t\t\t\t<\/div>\n\t\t\t\t\t\t\t\t<\/div>\n\t\t\t\t<\/div>\n\t\t\t\t\t<\/div>\n\t\t<\/div>\n\t\t\t\t<div class=\"elementor-column elementor-col-50 elementor-top-column elementor-element elementor-element-5f763f6 elementor-invisible\" data-id=\"5f763f6\" data-element_type=\"column\" data-e-type=\"column\" data-settings=\"{&quot;animation&quot;:&quot;fadeInRight&quot;}\">\n\t\t\t<div class=\"elementor-widget-wrap elementor-element-populated\">\n\t\t\t\t\t\t<div class=\"elementor-element elementor-element-4c57312 elementor-cta--layout-image-left elementor-cta--mobile-layout-image-above elementor-cta--valign-middle elementor-cta--skin-classic elementor-animated-content elementor-widget elementor-widget-call-to-action\" data-id=\"4c57312\" data-element_type=\"widget\" data-e-type=\"widget\" data-widget_type=\"call-to-action.default\">\n\t\t\t\t<div class=\"elementor-widget-container\">\n\t\t\t\t\t\t\t<div class=\"elementor-cta\">\r\n\t\t\t\t\t<div class=\"elementor-cta__bg-wrapper\">\r\n\t\t\t\t<div class=\"elementor-cta__bg elementor-bg\" style=\"background-image: url(https:\/\/tuextranjeria.com\/wp-content\/uploads\/2024\/07\/2.webp);\" role=\"img\" aria-label=\"Abogada de extranjer\u00eda estrechando la mano a un cliente\"><\/div>\r\n\t\t\t\t<div class=\"elementor-cta__bg-overlay\"><\/div>\r\n\t\t\t<\/div>\r\n\t\t\t\t\t\t\t<div class=\"elementor-cta__content\">\r\n\t\t\t\t\r\n\t\t\t\t\t\t\t\t\t<div class=\"elementor-cta__title elementor-cta__content-item elementor-content-item\">\r\n\t\t\t\t\t\tExperiencia y Empat\u00eda\t\t\t\t\t<\/div>\r\n\t\t\t\t\r\n\t\t\t\t\t\t\t\t\t<div class=\"elementor-cta__description elementor-cta__content-item elementor-content-item\">\r\n\t\t\t\t\t\tConocemos de primera mano los desaf\u00edos de la migraci\u00f3n y estamos aqu\u00ed para ayudarte con comprensi\u00f3n y dedicaci\u00f3n\t\t\t\t\t<\/div>\r\n\t\t\t\t\r\n\t\t\t\t\t\t\t<\/div>\r\n\t\t\t\t\t\t<\/div>\r\n\t\t\t\t\t\t<\/div>\n\t\t\t\t<\/div>\n\t\t\t\t<div class=\"elementor-element elementor-element-018bd42 elementor-cta--layout-image-right elementor-cta--mobile-layout-image-above elementor-cta--valign-middle elementor-widget__width-initial elementor-cta--skin-classic elementor-animated-content elementor-widget elementor-widget-call-to-action\" data-id=\"018bd42\" data-element_type=\"widget\" data-e-type=\"widget\" data-widget_type=\"call-to-action.default\">\n\t\t\t\t<div class=\"elementor-widget-container\">\n\t\t\t\t\t\t\t<div class=\"elementor-cta\">\r\n\t\t\t\t\t<div class=\"elementor-cta__bg-wrapper\">\r\n\t\t\t\t<div class=\"elementor-cta__bg elementor-bg\" style=\"background-image: url(https:\/\/tuextranjeria.com\/wp-content\/uploads\/2024\/07\/3.webp);\" role=\"img\" aria-label=\"3\"><\/div>\r\n\t\t\t\t<div class=\"elementor-cta__bg-overlay\"><\/div>\r\n\t\t\t<\/div>\r\n\t\t\t\t\t\t\t<div class=\"elementor-cta__content\">\r\n\t\t\t\t\r\n\t\t\t\t\t\t\t\t\t<div class=\"elementor-cta__title elementor-cta__content-item elementor-content-item\">\r\n\t\t\t\t\t\tTr\u00e1mites Eficientes y R\u00e1pidos\t\t\t\t\t<\/div>\r\n\t\t\t\t\r\n\t\t\t\t\t\t\t\t\t<div class=\"elementor-cta__description elementor-cta__content-item elementor-content-item\">\r\n\t\t\t\t\t\tNuestro enfoque en la eficiencia asegura que tus tr\u00e1mites se realicen de manera r\u00e1pida y efectiva.\t\t\t\t\t<\/div>\r\n\t\t\t\t\r\n\t\t\t\t\t\t\t<\/div>\r\n\t\t\t\t\t\t<\/div>\r\n\t\t\t\t\t\t<\/div>\n\t\t\t\t<\/div>\n\t\t\t\t<div class=\"elementor-element elementor-element-ba7d05e elementor-cta--layout-image-right elementor-cta--mobile-layout-image-above elementor-cta--valign-middle elementor-widget__width-initial elementor-cta--skin-classic elementor-animated-content elementor-widget elementor-widget-call-to-action\" data-id=\"ba7d05e\" data-element_type=\"widget\" data-e-type=\"widget\" data-widget_type=\"call-to-action.default\">\n\t\t\t\t<div class=\"elementor-widget-container\">\n\t\t\t\t\t\t\t<div class=\"elementor-cta\">\r\n\t\t\t\t\t<div class=\"elementor-cta__bg-wrapper\">\r\n\t\t\t\t<div class=\"elementor-cta__bg elementor-bg\" style=\"background-image: url(https:\/\/tuextranjeria.com\/wp-content\/uploads\/2024\/07\/1.webp);\" role=\"img\" aria-label=\"abogada de extranjer\u00eda atendiendo a un cliente en un escritorio\"><\/div>\r\n\t\t\t\t<div class=\"elementor-cta__bg-overlay\"><\/div>\r\n\t\t\t<\/div>\r\n\t\t\t\t\t\t\t<div class=\"elementor-cta__content\">\r\n\t\t\t\t\r\n\t\t\t\t\t\t\t\t\t<div class=\"elementor-cta__title elementor-cta__content-item elementor-content-item\">\r\n\t\t\t\t\t\tAtenci\u00f3n Multiling\u00fce\t\t\t\t\t<\/div>\r\n\t\t\t\t\r\n\t\t\t\t\t\t\t\t\t<div class=\"elementor-cta__description elementor-cta__content-item elementor-content-item\">\r\n\t\t\t\t\t\tOfrecemos servicios en varios idiomas, incluyendo espa\u00f1ol, \u00e1rabe y franc\u00e9s, para facilitar la comunicaci\u00f3n.\t\t\t\t\t<\/div>\r\n\t\t\t\t\r\n\t\t\t\t\t\t\t<\/div>\r\n\t\t\t\t\t\t<\/div>\r\n\t\t\t\t\t\t<\/div>\n\t\t\t\t<\/div>\n\t\t\t\t\t<\/div>\n\t\t<\/div>\n\t\t\t\t\t<\/div>\n\t\t<\/section>\n\t\t<div class=\"elementor-element elementor-element-3bd3e0f e-flex e-con-boxed e-con e-parent\" data-id=\"3bd3e0f\" data-element_type=\"container\" data-e-type=\"container\" data-settings=\"{&quot;background_background&quot;:&quot;classic&quot;}\">\n\t\t\t\t\t<div class=\"e-con-inner\">\n\t\t\t\t<div class=\"elementor-element elementor-element-7dc0cf1 elementor-widget elementor-widget-image\" data-id=\"7dc0cf1\" data-element_type=\"widget\" data-e-type=\"widget\" data-widget_type=\"image.default\">\n\t\t\t\t<div class=\"elementor-widget-container\">\n\t\t\t\t\t\t\t\t\t\t\t\t\t\t\t<img fetchpriority=\"high\" decoding=\"async\" width=\"851\" height=\"315\" src=\"https:\/\/tuextranjeria.com\/wp-content\/uploads\/2024\/09\/banner-copia.webp\" class=\"attachment-full size-full wp-image-540\" alt=\"\" srcset=\"https:\/\/tuextranjeria.com\/wp-content\/uploads\/2024\/09\/banner-copia.webp 851w, https:\/\/tuextranjeria.com\/wp-content\/uploads\/2024\/09\/banner-copia-300x111.webp 300w, https:\/\/tuextranjeria.com\/wp-content\/uploads\/2024\/09\/banner-copia-768x284.webp 768w\" sizes=\"(max-width: 851px) 100vw, 851px\" \/>\t\t\t\t\t\t\t\t\t\t\t\t\t\t\t<\/div>\n\t\t\t\t<\/div>\n\t\t\t\t\t<\/div>\n\t\t\t\t<\/div>\n\t\t\t\t<\/div>\n\t\t","protected":false},"excerpt":{"rendered":"<p>Nosotros Home &#8211; Nosotros Qui\u00e9nes Somos Conociendo a Tu Extranjer\u00eda En Tu Extranjer\u00eda, somos m\u00e1s que un despacho de abogados. Liderado por Mariama, abogada de extranjer\u00eda e hija de inmigrantes, entendemos de primera mano los desaf\u00edos de la migraci\u00f3n. No solo resolvemos tu situaci\u00f3n legal en Espa\u00f1a de manera eficiente, sino que te acompa\u00f1amos en [&hellip;]<\/p>\n","protected":false},"author":1,"featured_media":0,"parent":0,"menu_order":0,"comment_status":"closed","ping_status":"closed","template":"elementor_header_footer","meta":{"footnotes":""},"class_list":["post-529","page","type-page","status-publish","hentry"],"yoast_head":"<!-- This site is optimized with the Yoast SEO Premium plugin v27.0 (Yoast SEO v27.5) - https:\/\/yoast.com\/product\/yoast-seo-premium-wordpress\/ -->\n<title>Abogada de Extranjer\u00eda | Nosotros - Tu Extranjer\u00eda<\/title>\n<meta name=\"description\" content=\"En Tu Extranjer\u00eda, Mariama, abogada de extranjer\u00eda, te acompa\u00f1a en cada paso del proceso migratorio en Espa\u00f1a. \u00a1Asesor\u00eda cercana y eficaz!\" \/>\n<meta name=\"robots\" content=\"index, follow, max-snippet:-1, max-image-preview:large, max-video-preview:-1\" \/>\n<link rel=\"canonical\" href=\"https:\/\/tuextranjeria.com\/es_es\/nosotros-abogada-extranjeria\/\" \/>\n<meta property=\"og:locale\" content=\"es_ES\" \/>\n<meta property=\"og:type\" content=\"article\" \/>\n<meta property=\"og:title\" content=\"Nosotros\" \/>\n<meta property=\"og:description\" content=\"En Tu Extranjer\u00eda, Mariama, abogada de extranjer\u00eda, te acompa\u00f1a en cada paso del proceso migratorio en Espa\u00f1a. \u00a1Asesor\u00eda cercana y eficaz!\" \/>\n<meta property=\"og:url\" content=\"https:\/\/tuextranjeria.com\/es_es\/nosotros-abogada-extranjeria\/\" \/>\n<meta property=\"og:site_name\" content=\"Tu Extranjer\u00eda\" \/>\n<meta property=\"article:modified_time\" content=\"2024-10-10T18:25:53+00:00\" \/>\n<meta property=\"og:image\" content=\"https:\/\/tuextranjeria.com\/wp-content\/uploads\/2024\/09\/banner-copia.webp\" \/>\n<meta name=\"twitter:card\" content=\"summary_large_image\" \/>\n<meta name=\"twitter:label1\" content=\"Tiempo de lectura\" \/>\n\t<meta name=\"twitter:data1\" content=\"1 minuto\" \/>\n<script type=\"application\/ld+json\" class=\"yoast-schema-graph\">{\"@context\":\"https:\\\/\\\/schema.org\",\"@graph\":[{\"@type\":\"WebPage\",\"@id\":\"https:\\\/\\\/tuextranjeria.com\\\/ar\\\/nosotros-abogada-extranjeria\\\/\",\"url\":\"https:\\\/\\\/tuextranjeria.com\\\/ar\\\/nosotros-abogada-extranjeria\\\/\",\"name\":\"Abogada de Extranjer\u00eda | Nosotros - Tu Extranjer\u00eda\",\"isPartOf\":{\"@id\":\"https:\\\/\\\/tuextranjeria.com\\\/es_es\\\/#website\"},\"primaryImageOfPage\":{\"@id\":\"https:\\\/\\\/tuextranjeria.com\\\/ar\\\/nosotros-abogada-extranjeria\\\/#primaryimage\"},\"image\":{\"@id\":\"https:\\\/\\\/tuextranjeria.com\\\/ar\\\/nosotros-abogada-extranjeria\\\/#primaryimage\"},\"thumbnailUrl\":\"https:\\\/\\\/tuextranjeria.com\\\/wp-content\\\/uploads\\\/2024\\\/09\\\/banner-copia.webp\",\"datePublished\":\"2024-09-15T14:20:44+00:00\",\"dateModified\":\"2024-10-10T18:25:53+00:00\",\"description\":\"En Tu Extranjer\u00eda, Mariama, abogada de extranjer\u00eda, te acompa\u00f1a en cada paso del proceso migratorio en Espa\u00f1a. \u00a1Asesor\u00eda cercana y eficaz!\",\"breadcrumb\":{\"@id\":\"https:\\\/\\\/tuextranjeria.com\\\/ar\\\/nosotros-abogada-extranjeria\\\/#breadcrumb\"},\"inLanguage\":\"es\",\"potentialAction\":[{\"@type\":\"ReadAction\",\"target\":[\"https:\\\/\\\/tuextranjeria.com\\\/ar\\\/nosotros-abogada-extranjeria\\\/\"]}]},{\"@type\":\"ImageObject\",\"inLanguage\":\"es\",\"@id\":\"https:\\\/\\\/tuextranjeria.com\\\/ar\\\/nosotros-abogada-extranjeria\\\/#primaryimage\",\"url\":\"https:\\\/\\\/tuextranjeria.com\\\/wp-content\\\/uploads\\\/2024\\\/09\\\/banner-copia.webp\",\"contentUrl\":\"https:\\\/\\\/tuextranjeria.com\\\/wp-content\\\/uploads\\\/2024\\\/09\\\/banner-copia.webp\"},{\"@type\":\"BreadcrumbList\",\"@id\":\"https:\\\/\\\/tuextranjeria.com\\\/ar\\\/nosotros-abogada-extranjeria\\\/#breadcrumb\",\"itemListElement\":[{\"@type\":\"ListItem\",\"position\":1,\"name\":\"Portada\",\"item\":\"https:\\\/\\\/tuextranjeria.com\\\/\"},{\"@type\":\"ListItem\",\"position\":2,\"name\":\"Nosotros\"}]},{\"@type\":\"WebSite\",\"@id\":\"https:\\\/\\\/tuextranjeria.com\\\/es_es\\\/#website\",\"url\":\"https:\\\/\\\/tuextranjeria.com\\\/es_es\\\/\",\"name\":\"Tu Extranjer\u00eda\",\"description\":\"Conectando Fronteras &amp; Cumpliendo Sue\u00f1os\",\"publisher\":{\"@id\":\"https:\\\/\\\/tuextranjeria.com\\\/es_es\\\/#organization\"},\"potentialAction\":[{\"@type\":\"SearchAction\",\"target\":{\"@type\":\"EntryPoint\",\"urlTemplate\":\"https:\\\/\\\/tuextranjeria.com\\\/es_es\\\/?s={search_term_string}\"},\"query-input\":{\"@type\":\"PropertyValueSpecification\",\"valueRequired\":true,\"valueName\":\"search_term_string\"}}],\"inLanguage\":\"es\"},{\"@type\":\"Organization\",\"@id\":\"https:\\\/\\\/tuextranjeria.com\\\/es_es\\\/#organization\",\"name\":\"Tu Extranjer\u00eda\",\"url\":\"https:\\\/\\\/tuextranjeria.com\\\/es_es\\\/\",\"logo\":{\"@type\":\"ImageObject\",\"inLanguage\":\"es\",\"@id\":\"https:\\\/\\\/tuextranjeria.com\\\/es_es\\\/#\\\/schema\\\/logo\\\/image\\\/\",\"url\":\"https:\\\/\\\/tuextranjeria.com\\\/wp-content\\\/uploads\\\/2024\\\/08\\\/NEGRO_V1.webp\",\"contentUrl\":\"https:\\\/\\\/tuextranjeria.com\\\/wp-content\\\/uploads\\\/2024\\\/08\\\/NEGRO_V1.webp\",\"width\":921,\"height\":180,\"caption\":\"Tu Extranjer\u00eda\"},\"image\":{\"@id\":\"https:\\\/\\\/tuextranjeria.com\\\/es_es\\\/#\\\/schema\\\/logo\\\/image\\\/\"}}]}<\/script>\n<!-- \/ Yoast SEO Premium plugin. -->","yoast_head_json":{"title":"Abogada de Extranjer\u00eda | Nosotros - Tu Extranjer\u00eda","description":"En Tu Extranjer\u00eda, Mariama, abogada de extranjer\u00eda, te acompa\u00f1a en cada paso del proceso migratorio en Espa\u00f1a. \u00a1Asesor\u00eda cercana y eficaz!","robots":{"index":"index","follow":"follow","max-snippet":"max-snippet:-1","max-image-preview":"max-image-preview:large","max-video-preview":"max-video-preview:-1"},"canonical":"https:\/\/tuextranjeria.com\/es_es\/nosotros-abogada-extranjeria\/","og_locale":"es_ES","og_type":"article","og_title":"Nosotros","og_description":"En Tu Extranjer\u00eda, Mariama, abogada de extranjer\u00eda, te acompa\u00f1a en cada paso del proceso migratorio en Espa\u00f1a. \u00a1Asesor\u00eda cercana y eficaz!","og_url":"https:\/\/tuextranjeria.com\/es_es\/nosotros-abogada-extranjeria\/","og_site_name":"Tu Extranjer\u00eda","article_modified_time":"2024-10-10T18:25:53+00:00","og_image":[{"url":"https:\/\/tuextranjeria.com\/wp-content\/uploads\/2024\/09\/banner-copia.webp","type":"","width":"","height":""}],"twitter_card":"summary_large_image","twitter_misc":{"Tiempo de lectura":"1 minuto"},"schema":{"@context":"https:\/\/schema.org","@graph":[{"@type":"WebPage","@id":"https:\/\/tuextranjeria.com\/ar\/nosotros-abogada-extranjeria\/","url":"https:\/\/tuextranjeria.com\/ar\/nosotros-abogada-extranjeria\/","name":"Abogada de Extranjer\u00eda | Nosotros - Tu Extranjer\u00eda","isPartOf":{"@id":"https:\/\/tuextranjeria.com\/es_es\/#website"},"primaryImageOfPage":{"@id":"https:\/\/tuextranjeria.com\/ar\/nosotros-abogada-extranjeria\/#primaryimage"},"image":{"@id":"https:\/\/tuextranjeria.com\/ar\/nosotros-abogada-extranjeria\/#primaryimage"},"thumbnailUrl":"https:\/\/tuextranjeria.com\/wp-content\/uploads\/2024\/09\/banner-copia.webp","datePublished":"2024-09-15T14:20:44+00:00","dateModified":"2024-10-10T18:25:53+00:00","description":"En Tu Extranjer\u00eda, Mariama, abogada de extranjer\u00eda, te acompa\u00f1a en cada paso del proceso migratorio en Espa\u00f1a. \u00a1Asesor\u00eda cercana y eficaz!","breadcrumb":{"@id":"https:\/\/tuextranjeria.com\/ar\/nosotros-abogada-extranjeria\/#breadcrumb"},"inLanguage":"es","potentialAction":[{"@type":"ReadAction","target":["https:\/\/tuextranjeria.com\/ar\/nosotros-abogada-extranjeria\/"]}]},{"@type":"ImageObject","inLanguage":"es","@id":"https:\/\/tuextranjeria.com\/ar\/nosotros-abogada-extranjeria\/#primaryimage","url":"https:\/\/tuextranjeria.com\/wp-content\/uploads\/2024\/09\/banner-copia.webp","contentUrl":"https:\/\/tuextranjeria.com\/wp-content\/uploads\/2024\/09\/banner-copia.webp"},{"@type":"BreadcrumbList","@id":"https:\/\/tuextranjeria.com\/ar\/nosotros-abogada-extranjeria\/#breadcrumb","itemListElement":[{"@type":"ListItem","position":1,"name":"Portada","item":"https:\/\/tuextranjeria.com\/"},{"@type":"ListItem","position":2,"name":"Nosotros"}]},{"@type":"WebSite","@id":"https:\/\/tuextranjeria.com\/es_es\/#website","url":"https:\/\/tuextranjeria.com\/es_es\/","name":"Tu Extranjer\u00eda","description":"Conectando Fronteras &amp; Cumpliendo Sue\u00f1os","publisher":{"@id":"https:\/\/tuextranjeria.com\/es_es\/#organization"},"potentialAction":[{"@type":"SearchAction","target":{"@type":"EntryPoint","urlTemplate":"https:\/\/tuextranjeria.com\/es_es\/?s={search_term_string}"},"query-input":{"@type":"PropertyValueSpecification","valueRequired":true,"valueName":"search_term_string"}}],"inLanguage":"es"},{"@type":"Organization","@id":"https:\/\/tuextranjeria.com\/es_es\/#organization","name":"Tu Extranjer\u00eda","url":"https:\/\/tuextranjeria.com\/es_es\/","logo":{"@type":"ImageObject","inLanguage":"es","@id":"https:\/\/tuextranjeria.com\/es_es\/#\/schema\/logo\/image\/","url":"https:\/\/tuextranjeria.com\/wp-content\/uploads\/2024\/08\/NEGRO_V1.webp","contentUrl":"https:\/\/tuextranjeria.com\/wp-content\/uploads\/2024\/08\/NEGRO_V1.webp","width":921,"height":180,"caption":"Tu Extranjer\u00eda"},"image":{"@id":"https:\/\/tuextranjeria.com\/es_es\/#\/schema\/logo\/image\/"}}]}},"_links":{"self":[{"href":"https:\/\/tuextranjeria.com\/es_es\/wp-json\/wp\/v2\/pages\/529","targetHints":{"allow":["GET"]}}],"collection":[{"href":"https:\/\/tuextranjeria.com\/es_es\/wp-json\/wp\/v2\/pages"}],"about":[{"href":"https:\/\/tuextranjeria.com\/es_es\/wp-json\/wp\/v2\/types\/page"}],"author":[{"embeddable":true,"href":"https:\/\/tuextranjeria.com\/es_es\/wp-json\/wp\/v2\/users\/1"}],"replies":[{"embeddable":true,"href":"https:\/\/tuextranjeria.com\/es_es\/wp-json\/wp\/v2\/comments?post=529"}],"version-history":[{"count":5,"href":"https:\/\/tuextranjeria.com\/es_es\/wp-json\/wp\/v2\/pages\/529\/revisions"}],"predecessor-version":[{"id":860,"href":"https:\/\/tuextranjeria.com\/es_es\/wp-json\/wp\/v2\/pages\/529\/revisions\/860"}],"wp:attachment":[{"href":"https:\/\/tuextranjeria.com\/es_es\/wp-json\/wp\/v2\/media?parent=529"}],"curies":[{"name":"wp","href":"https:\/\/api.w.org\/{rel}","templated":true}]}}